{"id":33866,"date":"2025-06-27T02:39:47","date_gmt":"2025-06-27T10:39:47","guid":{"rendered":"http:\/\/45.63.70.205\/?post_type=product&#038;p=33866"},"modified":"2025-06-27T02:42:51","modified_gmt":"2025-06-27T10:42:51","slug":"glossy-purple-pencil-case-sleek-organizer-for-school-office-or-travel","status":"publish","type":"product","link":"http:\/\/shinyyoustationery.com\/de\/glossy-purple-pencil-case-sleek-organizer-for-school-office-or-travel\/","title":{"rendered":"Lila gl\u00e4nzendes Federm\u00e4ppchen - Eleganter Organizer f\u00fcr Schule, B\u00fcro oder Reise"},"content":{"rendered":"","protected":false},"excerpt":{"rendered":"<p data-start=\"105\" data-end=\"578\">Diese <strong data-start=\"127\" data-end=\"156\">Gl\u00e4nzendes lila Federm\u00e4ppchen<\/strong> ist mit seiner lebendigen, hochgl\u00e4nzenden Oberfl\u00e4che eine stilvolle Erg\u00e4nzung zu Ihren t\u00e4glichen Utensilien. Sein kompaktes Design ist perfekt, um Stifte, Bleistifte und andere kleine Gegenst\u00e4nde ordentlich aufzubewahren, ob in der Schule, im B\u00fcro oder unterwegs. Mit ihrem robusten Rei\u00dfverschluss und der auff\u00e4lligen Farbe ist sie perfekt f\u00fcr Studenten, Berufst\u00e4tige und alle, die ihren Accessoires einen farblichen Akzent verleihen m\u00f6chten.<\/p>","protected":false},"featured_media":33867,"template":"","meta":[],"product_brand":[],"product_cat":[700,520],"product_tag":[],"class_list":{"0":"post-33866","1":"product","2":"type-product","3":"status-publish","4":"has-post-thumbnail","6":"product_cat-hot-pink-power-girl-collection","7":"product_cat-pencil-case-pouch","9":"first","10":"instock","11":"shipping-taxable","12":"product-type-simple"},"_links":{"self":[{"href":"http:\/\/shinyyoustationery.com\/de\/wp-json\/wp\/v2\/product\/33866","targetHints":{"allow":["GET"]}}],"collection":[{"href":"http:\/\/shinyyoustationery.com\/de\/wp-json\/wp\/v2\/product"}],"about":[{"href":"http:\/\/shinyyoustationery.com\/de\/wp-json\/wp\/v2\/types\/product"}],"version-history":[{"count":0,"href":"http:\/\/shinyyoustationery.com\/de\/wp-json\/wp\/v2\/product\/33866\/revisions"}],"wp:featuredmedia":[{"embeddable":true,"href":"http:\/\/shinyyoustationery.com\/de\/wp-json\/wp\/v2\/media\/33867"}],"wp:attachment":[{"href":"http:\/\/shinyyoustationery.com\/de\/wp-json\/wp\/v2\/media?parent=33866"}],"wp:term":[{"taxonomy":"product_brand","embeddable":true,"href":"http:\/\/shinyyoustationery.com\/de\/wp-json\/wp\/v2\/product_brand?post=33866"},{"taxonomy":"product_cat","embeddable":true,"href":"http:\/\/shinyyoustationery.com\/de\/wp-json\/wp\/v2\/product_cat?post=33866"},{"taxonomy":"product_tag","embeddable":true,"href":"http:\/\/shinyyoustationery.com\/de\/wp-json\/wp\/v2\/product_tag?post=33866"}],"curies":[{"name":"wp","href":"https:\/\/api.w.org\/{rel}","templated":true}]}}