{"id":33876,"date":"2025-06-27T02:46:37","date_gmt":"2025-06-27T10:46:37","guid":{"rendered":"http:\/\/45.63.70.205\/?post_type=product&#038;p=33876"},"modified":"2025-07-07T15:19:23","modified_gmt":"2025-07-07T07:19:23","slug":"shiny-purple-pencil-case-for-school-office","status":"publish","type":"product","link":"http:\/\/shinyyoustationery.com\/de\/shiny-purple-pencil-case-for-school-office\/","title":{"rendered":"Gl\u00e4nzend lila Federm\u00e4ppchen f\u00fcr Schule &amp; B\u00fcro"},"content":{"rendered":"","protected":false},"excerpt":{"rendered":"<p data-start=\"105\" data-end=\"578\">Ein schlankes und elegantes, lila gl\u00e4nzendes Federm\u00e4ppchen f\u00fcr den t\u00e4glichen Gebrauch. Perfekt f\u00fcr Studenten und Berufst\u00e4tige gleicherma\u00dfen. Dieses Etui sorgt f\u00fcr Ordnung bei Stiften, Bleistiften und anderen kleinen Accessoires und bringt gleichzeitig einen Hauch von Farbe in Ihren Arbeitsbereich. Ideal f\u00fcr die Schule, das B\u00fcro oder die Reise!<\/p>","protected":false},"featured_media":33877,"template":"","meta":[],"product_brand":[],"product_cat":[700,477,520],"product_tag":[],"class_list":{"0":"post-33876","1":"product","2":"type-product","3":"status-publish","4":"has-post-thumbnail","6":"product_cat-hot-pink-power-girl-collection","7":"product_cat-school-bags","8":"product_cat-pencil-case-pouch","10":"first","11":"instock","12":"shipping-taxable","13":"product-type-simple"},"_links":{"self":[{"href":"http:\/\/shinyyoustationery.com\/de\/wp-json\/wp\/v2\/product\/33876","targetHints":{"allow":["GET"]}}],"collection":[{"href":"http:\/\/shinyyoustationery.com\/de\/wp-json\/wp\/v2\/product"}],"about":[{"href":"http:\/\/shinyyoustationery.com\/de\/wp-json\/wp\/v2\/types\/product"}],"version-history":[{"count":0,"href":"http:\/\/shinyyoustationery.com\/de\/wp-json\/wp\/v2\/product\/33876\/revisions"}],"wp:featuredmedia":[{"embeddable":true,"href":"http:\/\/shinyyoustationery.com\/de\/wp-json\/wp\/v2\/media\/33877"}],"wp:attachment":[{"href":"http:\/\/shinyyoustationery.com\/de\/wp-json\/wp\/v2\/media?parent=33876"}],"wp:term":[{"taxonomy":"product_brand","embeddable":true,"href":"http:\/\/shinyyoustationery.com\/de\/wp-json\/wp\/v2\/product_brand?post=33876"},{"taxonomy":"product_cat","embeddable":true,"href":"http:\/\/shinyyoustationery.com\/de\/wp-json\/wp\/v2\/product_cat?post=33876"},{"taxonomy":"product_tag","embeddable":true,"href":"http:\/\/shinyyoustationery.com\/de\/wp-json\/wp\/v2\/product_tag?post=33876"}],"curies":[{"name":"wp","href":"https:\/\/api.w.org\/{rel}","templated":true}]}}