{"id":33915,"date":"2025-06-27T03:59:54","date_gmt":"2025-06-27T11:59:54","guid":{"rendered":"http:\/\/45.63.70.205\/?post_type=product&#038;p=33915"},"modified":"2025-07-07T15:32:42","modified_gmt":"2025-07-07T07:32:42","slug":"vibrant-pink-transparent-tote-bag-stylish-and-fun-for-school-work-or-shopping","status":"publish","type":"product","link":"http:\/\/shinyyoustationery.com\/de\/vibrant-pink-transparent-tote-bag-stylish-and-fun-for-school-work-or-shopping\/","title":{"rendered":"Transparente Tragetasche in leuchtendem Pink - stilvoll und witzig f\u00fcr Schule, Arbeit oder Einkauf"},"content":{"rendered":"","protected":false},"excerpt":{"rendered":"<p>Diese <strong data-start=\"124\" data-end=\"161\">Transparente Tragetasche in leuchtendem Rosa<\/strong> ist das perfekte Accessoire f\u00fcr den Transport Ihrer wichtigsten Utensilien mit einem lustigen, auff\u00e4lligen Design. Sie ist aus gl\u00e4nzendem, strapazierf\u00e4higem Material gefertigt und verf\u00fcgt \u00fcber kr\u00e4ftige pinkfarbene Griffe und einen gro\u00dfen, ger\u00e4umigen Innenraum. Egal, ob du zur Schule, zur Arbeit oder zum Einkaufen gehst, diese Tasche ist sowohl praktisch als auch stilvoll. Das transparente Design erm\u00f6glicht es Ihnen, Ihre Gegenst\u00e4nde leicht zu finden, w\u00e4hrend die kr\u00e4ftige Farbe Ihren Alltag auflockert.<\/p>","protected":false},"featured_media":33917,"template":"","meta":[],"product_brand":[],"product_cat":[705,404,535,700],"product_tag":[],"class_list":{"0":"post-33915","1":"product","2":"type-product","3":"status-publish","4":"has-post-thumbnail","6":"product_cat-tote-bag","7":"product_cat-bags-cases","8":"product_cat-storage-bag","9":"product_cat-hot-pink-power-girl-collection","11":"first","12":"instock","13":"shipping-taxable","14":"product-type-simple"},"_links":{"self":[{"href":"http:\/\/shinyyoustationery.com\/de\/wp-json\/wp\/v2\/product\/33915","targetHints":{"allow":["GET"]}}],"collection":[{"href":"http:\/\/shinyyoustationery.com\/de\/wp-json\/wp\/v2\/product"}],"about":[{"href":"http:\/\/shinyyoustationery.com\/de\/wp-json\/wp\/v2\/types\/product"}],"version-history":[{"count":0,"href":"http:\/\/shinyyoustationery.com\/de\/wp-json\/wp\/v2\/product\/33915\/revisions"}],"wp:featuredmedia":[{"embeddable":true,"href":"http:\/\/shinyyoustationery.com\/de\/wp-json\/wp\/v2\/media\/33917"}],"wp:attachment":[{"href":"http:\/\/shinyyoustationery.com\/de\/wp-json\/wp\/v2\/media?parent=33915"}],"wp:term":[{"taxonomy":"product_brand","embeddable":true,"href":"http:\/\/shinyyoustationery.com\/de\/wp-json\/wp\/v2\/product_brand?post=33915"},{"taxonomy":"product_cat","embeddable":true,"href":"http:\/\/shinyyoustationery.com\/de\/wp-json\/wp\/v2\/product_cat?post=33915"},{"taxonomy":"product_tag","embeddable":true,"href":"http:\/\/shinyyoustationery.com\/de\/wp-json\/wp\/v2\/product_tag?post=33915"}],"curies":[{"name":"wp","href":"https:\/\/api.w.org\/{rel}","templated":true}]}}