{"id":33919,"date":"2025-06-27T04:06:06","date_gmt":"2025-06-27T12:06:06","guid":{"rendered":"http:\/\/45.63.70.205\/?post_type=product&#038;p=33919"},"modified":"2025-07-07T15:23:25","modified_gmt":"2025-07-07T07:23:25","slug":"pink-lip-shaped-coin-purse-fun-and-compact-for-kids-teens","status":"publish","type":"product","link":"http:\/\/shinyyoustationery.com\/de\/pink-lip-shaped-coin-purse-fun-and-compact-for-kids-teens\/","title":{"rendered":"Rosa M\u00fcnzgeldb\u00f6rse in Lippenform - lustig und kompakt f\u00fcr Kinder und Jugendliche"},"content":{"rendered":"","protected":false},"excerpt":{"rendered":"<p>Diese <strong data-start=\"106\" data-end=\"136\">Rosa M\u00fcnzgeldb\u00f6rse in Lippenform<\/strong> ist perfekt, um Ihren Accessoires einen verspielten Touch zu verleihen. Dieses einzigartige Portemonnaie aus strapazierf\u00e4higem, gl\u00e4nzendem Material hat ein lustiges Lippendesign und ist ideal f\u00fcr M\u00fcnzen, Kleingeld oder andere kleine Dinge. Sie ist kompakt und niedlich und eignet sich perfekt f\u00fcr Kinder, Jugendliche und alle, die schrullige, auff\u00e4llige Accessoires lieben. Ideal f\u00fcr den t\u00e4glichen Gebrauch oder als lustiges Geschenk!<\/p>","protected":false},"featured_media":33920,"template":"","meta":[],"product_brand":[],"product_cat":[716,477,700],"product_tag":[],"class_list":{"0":"post-33919","1":"product","2":"type-product","3":"status-publish","4":"has-post-thumbnail","6":"product_cat-coin-purse","7":"product_cat-school-bags","8":"product_cat-hot-pink-power-girl-collection","10":"first","11":"instock","12":"shipping-taxable","13":"product-type-simple"},"_links":{"self":[{"href":"http:\/\/shinyyoustationery.com\/de\/wp-json\/wp\/v2\/product\/33919","targetHints":{"allow":["GET"]}}],"collection":[{"href":"http:\/\/shinyyoustationery.com\/de\/wp-json\/wp\/v2\/product"}],"about":[{"href":"http:\/\/shinyyoustationery.com\/de\/wp-json\/wp\/v2\/types\/product"}],"version-history":[{"count":0,"href":"http:\/\/shinyyoustationery.com\/de\/wp-json\/wp\/v2\/product\/33919\/revisions"}],"wp:featuredmedia":[{"embeddable":true,"href":"http:\/\/shinyyoustationery.com\/de\/wp-json\/wp\/v2\/media\/33920"}],"wp:attachment":[{"href":"http:\/\/shinyyoustationery.com\/de\/wp-json\/wp\/v2\/media?parent=33919"}],"wp:term":[{"taxonomy":"product_brand","embeddable":true,"href":"http:\/\/shinyyoustationery.com\/de\/wp-json\/wp\/v2\/product_brand?post=33919"},{"taxonomy":"product_cat","embeddable":true,"href":"http:\/\/shinyyoustationery.com\/de\/wp-json\/wp\/v2\/product_cat?post=33919"},{"taxonomy":"product_tag","embeddable":true,"href":"http:\/\/shinyyoustationery.com\/de\/wp-json\/wp\/v2\/product_tag?post=33919"}],"curies":[{"name":"wp","href":"https:\/\/api.w.org\/{rel}","templated":true}]}}