{"id":33930,"date":"2025-06-27T04:20:33","date_gmt":"2025-06-27T12:20:33","guid":{"rendered":"http:\/\/45.63.70.205\/?post_type=product&#038;p=33930"},"modified":"2025-06-27T04:20:33","modified_gmt":"2025-06-27T12:20:33","slug":"gradient-pink-water-bottle-with-stainless-steel-straw-for-school-office","status":"publish","type":"product","link":"http:\/\/shinyyoustationery.com\/de\/gradient-pink-water-bottle-with-stainless-steel-straw-for-school-office\/","title":{"rendered":"Pinke Wasserflasche mit Strohhalm aus Edelstahl f\u00fcr Schule und B\u00fcro"},"content":{"rendered":"","protected":false},"excerpt":{"rendered":"<p>Stilvoll hydriert bleiben mit diesem <strong data-start=\"162\" data-end=\"192\">Rosa Wasserflasche mit Farbverlauf<\/strong>. Mit ihrem sch\u00f6nen Farb\u00fcbergang von Rosa zu Orange ist diese Flasche sowohl optisch als auch funktional. Der robuste Strohhalm aus Edelstahl erleichtert das Trinken unterwegs, w\u00e4hrend der sichere, drehbare Deckel daf\u00fcr sorgt, dass nichts versch\u00fcttet wird. Diese elegante und moderne Wasserflasche ist ideal f\u00fcr Studenten, B\u00fcroangestellte oder Reisende und eignet sich ideal f\u00fcr den Transport von Getr\u00e4nken, egal wohin Sie gehen.<\/p>","protected":false},"featured_media":33931,"template":"","meta":[],"product_brand":[],"product_cat":[405,541,700],"product_tag":[],"class_list":{"0":"post-33930","1":"product","2":"type-product","3":"status-publish","4":"has-post-thumbnail","6":"product_cat-cups-bottles","7":"product_cat-bottle","8":"product_cat-hot-pink-power-girl-collection","10":"first","11":"instock","12":"shipping-taxable","13":"product-type-simple"},"_links":{"self":[{"href":"http:\/\/shinyyoustationery.com\/de\/wp-json\/wp\/v2\/product\/33930","targetHints":{"allow":["GET"]}}],"collection":[{"href":"http:\/\/shinyyoustationery.com\/de\/wp-json\/wp\/v2\/product"}],"about":[{"href":"http:\/\/shinyyoustationery.com\/de\/wp-json\/wp\/v2\/types\/product"}],"version-history":[{"count":0,"href":"http:\/\/shinyyoustationery.com\/de\/wp-json\/wp\/v2\/product\/33930\/revisions"}],"wp:featuredmedia":[{"embeddable":true,"href":"http:\/\/shinyyoustationery.com\/de\/wp-json\/wp\/v2\/media\/33931"}],"wp:attachment":[{"href":"http:\/\/shinyyoustationery.com\/de\/wp-json\/wp\/v2\/media?parent=33930"}],"wp:term":[{"taxonomy":"product_brand","embeddable":true,"href":"http:\/\/shinyyoustationery.com\/de\/wp-json\/wp\/v2\/product_brand?post=33930"},{"taxonomy":"product_cat","embeddable":true,"href":"http:\/\/shinyyoustationery.com\/de\/wp-json\/wp\/v2\/product_cat?post=33930"},{"taxonomy":"product_tag","embeddable":true,"href":"http:\/\/shinyyoustationery.com\/de\/wp-json\/wp\/v2\/product_tag?post=33930"}],"curies":[{"name":"wp","href":"https:\/\/api.w.org\/{rel}","templated":true}]}}