{"id":33934,"date":"2025-06-27T04:34:16","date_gmt":"2025-06-27T12:34:16","guid":{"rendered":"http:\/\/45.63.70.205\/?post_type=product&#038;p=33934"},"modified":"2025-06-27T04:35:51","modified_gmt":"2025-06-27T12:35:51","slug":"pink-water-bottle-for-active-lifestyles-stay-hydrated-stay-healthy","status":"publish","type":"product","link":"http:\/\/shinyyoustationery.com\/de\/pink-water-bottle-for-active-lifestyles-stay-hydrated-stay-healthy\/","title":{"rendered":"Rosa Wasserflasche f\u00fcr einen aktiven Lebensstil - Bleiben Sie hydriert, bleiben Sie gesund"},"content":{"rendered":"","protected":false},"excerpt":{"rendered":"<p>Diese leuchtend pinke Wasserflasche ist f\u00fcr alle gedacht, die immer unterwegs sind. Egal, ob du im Fitnessstudio, in der Schule oder im B\u00fcro arbeitest, diese stylische und praktische Flasche hilft dir, den ganzen Tag \u00fcber hydriert zu bleiben. Mit ihrem einfach zu bedienenden Klappdeckel und Strohhalm ist sie perfekt f\u00fcr schnelle Schlucke beim Training oder beim Lernen. Bleiben Sie erfrischt und gesund, wo immer Sie sind!<\/p>","protected":false},"featured_media":33935,"template":"","meta":[],"product_brand":[],"product_cat":[700,541,405],"product_tag":[],"class_list":{"0":"post-33934","1":"product","2":"type-product","3":"status-publish","4":"has-post-thumbnail","6":"product_cat-hot-pink-power-girl-collection","7":"product_cat-bottle","8":"product_cat-cups-bottles","10":"first","11":"instock","12":"shipping-taxable","13":"product-type-simple"},"_links":{"self":[{"href":"http:\/\/shinyyoustationery.com\/de\/wp-json\/wp\/v2\/product\/33934","targetHints":{"allow":["GET"]}}],"collection":[{"href":"http:\/\/shinyyoustationery.com\/de\/wp-json\/wp\/v2\/product"}],"about":[{"href":"http:\/\/shinyyoustationery.com\/de\/wp-json\/wp\/v2\/types\/product"}],"version-history":[{"count":0,"href":"http:\/\/shinyyoustationery.com\/de\/wp-json\/wp\/v2\/product\/33934\/revisions"}],"wp:featuredmedia":[{"embeddable":true,"href":"http:\/\/shinyyoustationery.com\/de\/wp-json\/wp\/v2\/media\/33935"}],"wp:attachment":[{"href":"http:\/\/shinyyoustationery.com\/de\/wp-json\/wp\/v2\/media?parent=33934"}],"wp:term":[{"taxonomy":"product_brand","embeddable":true,"href":"http:\/\/shinyyoustationery.com\/de\/wp-json\/wp\/v2\/product_brand?post=33934"},{"taxonomy":"product_cat","embeddable":true,"href":"http:\/\/shinyyoustationery.com\/de\/wp-json\/wp\/v2\/product_cat?post=33934"},{"taxonomy":"product_tag","embeddable":true,"href":"http:\/\/shinyyoustationery.com\/de\/wp-json\/wp\/v2\/product_tag?post=33934"}],"curies":[{"name":"wp","href":"https:\/\/api.w.org\/{rel}","templated":true}]}}