{"id":33937,"date":"2025-06-27T04:40:35","date_gmt":"2025-06-27T12:40:35","guid":{"rendered":"http:\/\/45.63.70.205\/?post_type=product&#038;p=33937"},"modified":"2025-08-13T03:51:21","modified_gmt":"2025-08-13T11:51:21","slug":"holographic-pink-file-holder-trendy-and-stylish-storage-for-school-office","status":"publish","type":"product","link":"http:\/\/shinyyoustationery.com\/de\/holographic-pink-file-holder-trendy-and-stylish-storage-for-school-office\/","title":{"rendered":"Holografischer rosa Aktenhalter - Trendige und stilvolle Aufbewahrung f\u00fcr Schule und B\u00fcro"},"content":{"rendered":"","protected":false},"excerpt":{"rendered":"<p>Diese <strong data-start=\"132\" data-end=\"164\">Holografischer rosa Aktenhalter<\/strong> hat eine lebendige und gl\u00e4nzende Oberfl\u00e4che, die ihn zu einer perfekten Erg\u00e4nzung f\u00fcr jeden Arbeitsplatz macht. Dieser Aktenhalter wurde f\u00fcr die Organisation von Papieren, Dokumenten oder Schulaufgaben entwickelt und ist sowohl funktional als auch lustig. Das einzigartige holografische Design mit dem niedlichen Sonnenbrillenmotiv verleiht ihm eine verspielte Note und macht ihn ideal f\u00fcr Studenten, B\u00fcroangestellte oder alle, die gerne stilvoll organisieren. Bringen Sie mit diesem auff\u00e4lligen und robusten Aktenhalter Ordnung in Ihre Unterlagen!<\/p>","protected":false},"featured_media":33938,"template":"","meta":[],"product_brand":[],"product_cat":[438,412,700],"product_tag":[],"class_list":{"0":"post-33937","1":"product","2":"type-product","3":"status-publish","4":"has-post-thumbnail","6":"product_cat-document-file-holder","7":"product_cat-document-file-folder","8":"product_cat-hot-pink-power-girl-collection","10":"first","11":"instock","12":"shipping-taxable","13":"product-type-simple"},"_links":{"self":[{"href":"http:\/\/shinyyoustationery.com\/de\/wp-json\/wp\/v2\/product\/33937","targetHints":{"allow":["GET"]}}],"collection":[{"href":"http:\/\/shinyyoustationery.com\/de\/wp-json\/wp\/v2\/product"}],"about":[{"href":"http:\/\/shinyyoustationery.com\/de\/wp-json\/wp\/v2\/types\/product"}],"version-history":[{"count":0,"href":"http:\/\/shinyyoustationery.com\/de\/wp-json\/wp\/v2\/product\/33937\/revisions"}],"wp:featuredmedia":[{"embeddable":true,"href":"http:\/\/shinyyoustationery.com\/de\/wp-json\/wp\/v2\/media\/33938"}],"wp:attachment":[{"href":"http:\/\/shinyyoustationery.com\/de\/wp-json\/wp\/v2\/media?parent=33937"}],"wp:term":[{"taxonomy":"product_brand","embeddable":true,"href":"http:\/\/shinyyoustationery.com\/de\/wp-json\/wp\/v2\/product_brand?post=33937"},{"taxonomy":"product_cat","embeddable":true,"href":"http:\/\/shinyyoustationery.com\/de\/wp-json\/wp\/v2\/product_cat?post=33937"},{"taxonomy":"product_tag","embeddable":true,"href":"http:\/\/shinyyoustationery.com\/de\/wp-json\/wp\/v2\/product_tag?post=33937"}],"curies":[{"name":"wp","href":"https:\/\/api.w.org\/{rel}","templated":true}]}}