{"id":33942,"date":"2025-06-27T04:51:47","date_gmt":"2025-06-27T12:51:47","guid":{"rendered":"http:\/\/45.63.70.205\/?post_type=product&#038;p=33942"},"modified":"2025-07-14T00:55:15","modified_gmt":"2025-07-14T08:55:15","slug":"holographic-pink-document-tray-stylish-and-functional-organizer-for-office-or-home","status":"publish","type":"product","link":"http:\/\/shinyyoustationery.com\/de\/holographic-pink-document-tray-stylish-and-functional-organizer-for-office-or-home\/","title":{"rendered":"Holografische Dokumentenablage in Pink - stilvoller und funktioneller Organizer f\u00fcr B\u00fcro und Zuhause"},"content":{"rendered":"","protected":false},"excerpt":{"rendered":"<p>Diese <strong data-start=\"131\" data-end=\"165\">Holografische rosa Dokumentenablage<\/strong> ist eine perfekte Mischung aus Stil und Zweckm\u00e4\u00dfigkeit. Mit seiner gl\u00e4nzenden, holografischen rosa Oberfl\u00e4che verleiht er jedem Schreibtisch oder Arbeitsbereich einen Farbakzent. Das ger\u00e4umige Design erm\u00f6glicht eine einfache Organisation von Papieren, Ordnern oder Dokumenten und ist somit ideal f\u00fcr Studenten, Berufst\u00e4tige oder alle, die ihren Arbeitsplatz ordentlich und stilvoll halten wollen. Ob im B\u00fcro oder zu Hause, diese Dokumentenablage ist die perfekte L\u00f6sung f\u00fcr die Aufbewahrung Ihrer wichtigen Unterlagen.<\/p>","protected":false},"featured_media":33943,"template":"","meta":[],"product_brand":[],"product_cat":[429,402,430,515,675,700],"product_tag":[],"class_list":{"0":"post-33942","1":"product","2":"type-product","3":"status-publish","4":"has-post-thumbnail","6":"product_cat-file-tray","7":"product_cat-desk-organizer-accessories","8":"product_cat-paper-tray","9":"product_cat-desk-tray","10":"product_cat-school-desk-organizer","11":"product_cat-hot-pink-power-girl-collection","13":"first","14":"instock","15":"shipping-taxable","16":"product-type-simple"},"_links":{"self":[{"href":"http:\/\/shinyyoustationery.com\/de\/wp-json\/wp\/v2\/product\/33942","targetHints":{"allow":["GET"]}}],"collection":[{"href":"http:\/\/shinyyoustationery.com\/de\/wp-json\/wp\/v2\/product"}],"about":[{"href":"http:\/\/shinyyoustationery.com\/de\/wp-json\/wp\/v2\/types\/product"}],"version-history":[{"count":0,"href":"http:\/\/shinyyoustationery.com\/de\/wp-json\/wp\/v2\/product\/33942\/revisions"}],"wp:featuredmedia":[{"embeddable":true,"href":"http:\/\/shinyyoustationery.com\/de\/wp-json\/wp\/v2\/media\/33943"}],"wp:attachment":[{"href":"http:\/\/shinyyoustationery.com\/de\/wp-json\/wp\/v2\/media?parent=33942"}],"wp:term":[{"taxonomy":"product_brand","embeddable":true,"href":"http:\/\/shinyyoustationery.com\/de\/wp-json\/wp\/v2\/product_brand?post=33942"},{"taxonomy":"product_cat","embeddable":true,"href":"http:\/\/shinyyoustationery.com\/de\/wp-json\/wp\/v2\/product_cat?post=33942"},{"taxonomy":"product_tag","embeddable":true,"href":"http:\/\/shinyyoustationery.com\/de\/wp-json\/wp\/v2\/product_tag?post=33942"}],"curies":[{"name":"wp","href":"https:\/\/api.w.org\/{rel}","templated":true}]}}