{"id":33947,"date":"2025-06-30T09:42:58","date_gmt":"2025-06-30T01:42:58","guid":{"rendered":"http:\/\/45.63.70.205\/?post_type=product&#038;p=33947"},"modified":"2025-07-02T19:44:37","modified_gmt":"2025-07-02T11:44:37","slug":"pink-glitter-pencil-set-fun-and-stylish-stationery-for-kids-teens","status":"publish","type":"product","link":"http:\/\/shinyyoustationery.com\/de\/pink-glitter-pencil-set-fun-and-stylish-stationery-for-kids-teens\/","title":{"rendered":"Pinkes Glitzer-Bleistiftset - lustige und stylische Schreibwaren f\u00fcr Kinder und Jugendliche"},"content":{"rendered":"","protected":false},"excerpt":{"rendered":"<p>Bringen Sie Farbe und Glanz in Ihre Schreibwarensammlung mit dem JustHype Pink Glitter Pencil Set. Dieses Set enth\u00e4lt sechs glitzernde pinke Bleistifte, die sowohl stilvoll als auch funktional sind und sich perfekt f\u00fcr die Schule, kreative Projekte oder als lustiges Geschenk eignen. Das strapazierf\u00e4hige Design und das angenehme Schreibgef\u00fchl machen es zur idealen Wahl f\u00fcr Kinder und Jugendliche, die ihre Kreativit\u00e4t ausleben m\u00f6chten.<\/p>","protected":false},"featured_media":33948,"template":"","meta":[],"product_brand":[],"product_cat":[416,331,415],"product_tag":[],"class_list":{"0":"post-33947","1":"product","2":"type-product","3":"status-publish","4":"has-post-thumbnail","6":"product_cat-pencil","7":"product_cat-stationery-set","8":"product_cat-pen","10":"first","11":"instock","12":"shipping-taxable","13":"product-type-simple"},"_links":{"self":[{"href":"http:\/\/shinyyoustationery.com\/de\/wp-json\/wp\/v2\/product\/33947","targetHints":{"allow":["GET"]}}],"collection":[{"href":"http:\/\/shinyyoustationery.com\/de\/wp-json\/wp\/v2\/product"}],"about":[{"href":"http:\/\/shinyyoustationery.com\/de\/wp-json\/wp\/v2\/types\/product"}],"version-history":[{"count":0,"href":"http:\/\/shinyyoustationery.com\/de\/wp-json\/wp\/v2\/product\/33947\/revisions"}],"wp:featuredmedia":[{"embeddable":true,"href":"http:\/\/shinyyoustationery.com\/de\/wp-json\/wp\/v2\/media\/33948"}],"wp:attachment":[{"href":"http:\/\/shinyyoustationery.com\/de\/wp-json\/wp\/v2\/media?parent=33947"}],"wp:term":[{"taxonomy":"product_brand","embeddable":true,"href":"http:\/\/shinyyoustationery.com\/de\/wp-json\/wp\/v2\/product_brand?post=33947"},{"taxonomy":"product_cat","embeddable":true,"href":"http:\/\/shinyyoustationery.com\/de\/wp-json\/wp\/v2\/product_cat?post=33947"},{"taxonomy":"product_tag","embeddable":true,"href":"http:\/\/shinyyoustationery.com\/de\/wp-json\/wp\/v2\/product_tag?post=33947"}],"curies":[{"name":"wp","href":"https:\/\/api.w.org\/{rel}","templated":true}]}}