{"id":33955,"date":"2025-06-30T10:08:58","date_gmt":"2025-06-30T02:08:58","guid":{"rendered":"http:\/\/45.63.70.205\/?post_type=product&#038;p=33955"},"modified":"2025-07-03T20:03:29","modified_gmt":"2025-07-03T12:03:29","slug":"pink-heart-shaped-sunglasses-trendy-fun-and-perfect-for-girls","status":"publish","type":"product","link":"http:\/\/shinyyoustationery.com\/de\/pink-heart-shaped-sunglasses-trendy-fun-and-perfect-for-girls\/","title":{"rendered":"Rosa Sonnenbrille in Herzform - trendig, lustig und perfekt f\u00fcr M\u00e4dchen"},"content":{"rendered":"","protected":false},"excerpt":{"rendered":"<p>Diese <strong data-start=\"131\" data-end=\"163\">Rosa Sonnenbrille in Herzform<\/strong> sind das ideale Accessoire f\u00fcr alle M\u00e4dchen, die ihrem Look einen Hauch von Farbe und Stil verleihen m\u00f6chten. Diese Sonnenbrille wurde f\u00fcr modebewusste M\u00e4dchen entworfen und ist perfekt f\u00fcr Outdoor-Aktivit\u00e4ten, Strandausfl\u00fcge oder l\u00e4ssige Ausfl\u00fcge. Mit ihrem verspielten herzf\u00f6rmigen Rahmen und der leuchtenden Farbe Pink ist sie ein Muss f\u00fcr alle, die gerne auffallen und ihren einzigartigen Stil zum Ausdruck bringen. Egal, ob sie in der Sonne faulenzt oder durch die Stadt schlendert, mit dieser Sonnenbrille bleibt sie cool und stylish!<\/p>","protected":false},"featured_media":33956,"template":"","meta":[],"product_brand":[],"product_cat":[700],"product_tag":[],"class_list":{"0":"post-33955","1":"product","2":"type-product","3":"status-publish","4":"has-post-thumbnail","6":"product_cat-hot-pink-power-girl-collection","8":"first","9":"instock","10":"shipping-taxable","11":"product-type-simple"},"_links":{"self":[{"href":"http:\/\/shinyyoustationery.com\/de\/wp-json\/wp\/v2\/product\/33955","targetHints":{"allow":["GET"]}}],"collection":[{"href":"http:\/\/shinyyoustationery.com\/de\/wp-json\/wp\/v2\/product"}],"about":[{"href":"http:\/\/shinyyoustationery.com\/de\/wp-json\/wp\/v2\/types\/product"}],"version-history":[{"count":0,"href":"http:\/\/shinyyoustationery.com\/de\/wp-json\/wp\/v2\/product\/33955\/revisions"}],"wp:featuredmedia":[{"embeddable":true,"href":"http:\/\/shinyyoustationery.com\/de\/wp-json\/wp\/v2\/media\/33956"}],"wp:attachment":[{"href":"http:\/\/shinyyoustationery.com\/de\/wp-json\/wp\/v2\/media?parent=33955"}],"wp:term":[{"taxonomy":"product_brand","embeddable":true,"href":"http:\/\/shinyyoustationery.com\/de\/wp-json\/wp\/v2\/product_brand?post=33955"},{"taxonomy":"product_cat","embeddable":true,"href":"http:\/\/shinyyoustationery.com\/de\/wp-json\/wp\/v2\/product_cat?post=33955"},{"taxonomy":"product_tag","embeddable":true,"href":"http:\/\/shinyyoustationery.com\/de\/wp-json\/wp\/v2\/product_tag?post=33955"}],"curies":[{"name":"wp","href":"https:\/\/api.w.org\/{rel}","templated":true}]}}