{"id":33960,"date":"2025-06-30T10:13:31","date_gmt":"2025-06-30T02:13:31","guid":{"rendered":"http:\/\/45.63.70.205\/?post_type=product&#038;p=33960"},"modified":"2025-07-03T20:02:58","modified_gmt":"2025-07-03T12:02:58","slug":"bright-pink-sunglasses-fun-and-stylish-accessory-for-girls","status":"publish","type":"product","link":"http:\/\/shinyyoustationery.com\/de\/bright-pink-sunglasses-fun-and-stylish-accessory-for-girls\/","title":{"rendered":"Leuchtend rosafarbene Sonnenbrille - lustiges und stilvolles Accessoire f\u00fcr M\u00e4dchen"},"content":{"rendered":"","protected":false},"excerpt":{"rendered":"<p>Diese <strong data-start=\"104\" data-end=\"130\">Leuchtend rosa Sonnenbrille<\/strong> sind das perfekte Accessoire f\u00fcr alle M\u00e4dchen, die ihrem Outfit einen lustigen und stilvollen Touch verleihen wollen. Egal ob du zum Strand gehst, einen sonnigen Tag im Freien genie\u00dft oder einfach nur spazieren gehst, diese Sonnenbrille l\u00e4sst dich cool aussehen und sch\u00fctzt dich vor der Sonne. Die leuchtende rosa Farbe und das schlichte Design machen sie zu einem trendigen Must-Have f\u00fcr alle Altersgruppen. Ideal f\u00fcr Freizeitausfl\u00fcge, Partys oder als Geschenk f\u00fcr das modebewusste M\u00e4dchen in Ihrem Leben!<\/p>","protected":false},"featured_media":33962,"template":"","meta":[],"product_brand":[],"product_cat":[700],"product_tag":[],"class_list":{"0":"post-33960","1":"product","2":"type-product","3":"status-publish","4":"has-post-thumbnail","6":"product_cat-hot-pink-power-girl-collection","8":"first","9":"instock","10":"shipping-taxable","11":"product-type-simple"},"_links":{"self":[{"href":"http:\/\/shinyyoustationery.com\/de\/wp-json\/wp\/v2\/product\/33960","targetHints":{"allow":["GET"]}}],"collection":[{"href":"http:\/\/shinyyoustationery.com\/de\/wp-json\/wp\/v2\/product"}],"about":[{"href":"http:\/\/shinyyoustationery.com\/de\/wp-json\/wp\/v2\/types\/product"}],"version-history":[{"count":0,"href":"http:\/\/shinyyoustationery.com\/de\/wp-json\/wp\/v2\/product\/33960\/revisions"}],"wp:featuredmedia":[{"embeddable":true,"href":"http:\/\/shinyyoustationery.com\/de\/wp-json\/wp\/v2\/media\/33962"}],"wp:attachment":[{"href":"http:\/\/shinyyoustationery.com\/de\/wp-json\/wp\/v2\/media?parent=33960"}],"wp:term":[{"taxonomy":"product_brand","embeddable":true,"href":"http:\/\/shinyyoustationery.com\/de\/wp-json\/wp\/v2\/product_brand?post=33960"},{"taxonomy":"product_cat","embeddable":true,"href":"http:\/\/shinyyoustationery.com\/de\/wp-json\/wp\/v2\/product_cat?post=33960"},{"taxonomy":"product_tag","embeddable":true,"href":"http:\/\/shinyyoustationery.com\/de\/wp-json\/wp\/v2\/product_tag?post=33960"}],"curies":[{"name":"wp","href":"https:\/\/api.w.org\/{rel}","templated":true}]}}