{"id":33964,"date":"2025-06-30T10:23:27","date_gmt":"2025-06-30T02:23:27","guid":{"rendered":"http:\/\/45.63.70.205\/?post_type=product&#038;p=33964"},"modified":"2025-06-30T10:34:50","modified_gmt":"2025-06-30T02:34:50","slug":"bright-pink-star-keychain-a-cute-and-fun-accessory-for-girls","status":"publish","type":"product","link":"http:\/\/shinyyoustationery.com\/de\/bright-pink-star-keychain-a-cute-and-fun-accessory-for-girls\/","title":{"rendered":"Leuchtend rosa Stern-Schl\u00fcsselanh\u00e4nger - ein niedliches und lustiges Accessoire f\u00fcr M\u00e4dchen"},"content":{"rendered":"","protected":false},"excerpt":{"rendered":"<p>Diese <strong data-start=\"105\" data-end=\"134\">Leuchtend rosa Stern Schl\u00fcsselanh\u00e4nger<\/strong> ist die perfekte Erg\u00e4nzung f\u00fcr jede Accessoire-Kollektion. Mit seiner leuchtenden Farbe und dem verspielten Sterndesign ist er eine tolle M\u00f6glichkeit, Ihre Tasche, Schl\u00fcssel oder Ihren Rucksack zu personalisieren. Dieser Schl\u00fcsselanh\u00e4nger ist ideal f\u00fcr junge M\u00e4dchen und Junggebliebene und verleiht allt\u00e4glichen Gegenst\u00e4nden ein lustiges, auff\u00e4lliges Element. Ob in der Schule, bei einem Ausflug oder als Geschenk, dieser rosa Stern-Schl\u00fcsselanh\u00e4nger wird \u00fcberall Freude und Stil verbreiten!<\/p>","protected":false},"featured_media":33965,"template":"","meta":[],"product_brand":[],"product_cat":[659,700],"product_tag":[],"class_list":{"0":"post-33964","1":"product","2":"type-product","3":"status-publish","4":"has-post-thumbnail","6":"product_cat-keychain","7":"product_cat-hot-pink-power-girl-collection","9":"first","10":"instock","11":"shipping-taxable","12":"product-type-simple"},"_links":{"self":[{"href":"http:\/\/shinyyoustationery.com\/de\/wp-json\/wp\/v2\/product\/33964","targetHints":{"allow":["GET"]}}],"collection":[{"href":"http:\/\/shinyyoustationery.com\/de\/wp-json\/wp\/v2\/product"}],"about":[{"href":"http:\/\/shinyyoustationery.com\/de\/wp-json\/wp\/v2\/types\/product"}],"version-history":[{"count":0,"href":"http:\/\/shinyyoustationery.com\/de\/wp-json\/wp\/v2\/product\/33964\/revisions"}],"wp:featuredmedia":[{"embeddable":true,"href":"http:\/\/shinyyoustationery.com\/de\/wp-json\/wp\/v2\/media\/33965"}],"wp:attachment":[{"href":"http:\/\/shinyyoustationery.com\/de\/wp-json\/wp\/v2\/media?parent=33964"}],"wp:term":[{"taxonomy":"product_brand","embeddable":true,"href":"http:\/\/shinyyoustationery.com\/de\/wp-json\/wp\/v2\/product_brand?post=33964"},{"taxonomy":"product_cat","embeddable":true,"href":"http:\/\/shinyyoustationery.com\/de\/wp-json\/wp\/v2\/product_cat?post=33964"},{"taxonomy":"product_tag","embeddable":true,"href":"http:\/\/shinyyoustationery.com\/de\/wp-json\/wp\/v2\/product_tag?post=33964"}],"curies":[{"name":"wp","href":"https:\/\/api.w.org\/{rel}","templated":true}]}}