{"id":33973,"date":"2025-06-30T10:36:57","date_gmt":"2025-06-30T02:36:57","guid":{"rendered":"http:\/\/45.63.70.205\/?post_type=product&#038;p=33973"},"modified":"2025-06-30T10:39:11","modified_gmt":"2025-06-30T02:39:11","slug":"pink-unicorn-keychain-fun-stylish-accessory-for-kids-and-teens","status":"publish","type":"product","link":"http:\/\/shinyyoustationery.com\/de\/pink-unicorn-keychain-fun-stylish-accessory-for-kids-and-teens\/","title":{"rendered":"Pinker Einhorn-Schl\u00fcsselanh\u00e4nger - lustiges &amp; stylisches Accessoire f\u00fcr Kinder und Jugendliche"},"content":{"rendered":"","protected":false},"excerpt":{"rendered":"<p>Verleihen Sie Ihren Schl\u00fcsseln oder Ihrer Tasche einen Hauch von Skurrilit\u00e4t mit diesem leuchtend rosa Einhorn-Schl\u00fcsselanh\u00e4nger. Perfekt f\u00fcr Kinder, Jugendliche und alle, die einzigartige und verspielte Accessoires lieben. Die metallisch gl\u00e4nzende Oberfl\u00e4che und das robuste Design machen ihn zu einer lustigen und praktischen Erg\u00e4nzung f\u00fcr jeden Schl\u00fcsselbund, Rucksack oder jede Handtasche.<\/p>","protected":false},"featured_media":33974,"template":"","meta":[],"product_brand":[],"product_cat":[659,700],"product_tag":[],"class_list":{"0":"post-33973","1":"product","2":"type-product","3":"status-publish","4":"has-post-thumbnail","6":"product_cat-keychain","7":"product_cat-hot-pink-power-girl-collection","9":"first","10":"instock","11":"shipping-taxable","12":"product-type-simple"},"_links":{"self":[{"href":"http:\/\/shinyyoustationery.com\/de\/wp-json\/wp\/v2\/product\/33973","targetHints":{"allow":["GET"]}}],"collection":[{"href":"http:\/\/shinyyoustationery.com\/de\/wp-json\/wp\/v2\/product"}],"about":[{"href":"http:\/\/shinyyoustationery.com\/de\/wp-json\/wp\/v2\/types\/product"}],"version-history":[{"count":0,"href":"http:\/\/shinyyoustationery.com\/de\/wp-json\/wp\/v2\/product\/33973\/revisions"}],"wp:featuredmedia":[{"embeddable":true,"href":"http:\/\/shinyyoustationery.com\/de\/wp-json\/wp\/v2\/media\/33974"}],"wp:attachment":[{"href":"http:\/\/shinyyoustationery.com\/de\/wp-json\/wp\/v2\/media?parent=33973"}],"wp:term":[{"taxonomy":"product_brand","embeddable":true,"href":"http:\/\/shinyyoustationery.com\/de\/wp-json\/wp\/v2\/product_brand?post=33973"},{"taxonomy":"product_cat","embeddable":true,"href":"http:\/\/shinyyoustationery.com\/de\/wp-json\/wp\/v2\/product_cat?post=33973"},{"taxonomy":"product_tag","embeddable":true,"href":"http:\/\/shinyyoustationery.com\/de\/wp-json\/wp\/v2\/product_tag?post=33973"}],"curies":[{"name":"wp","href":"https:\/\/api.w.org\/{rel}","templated":true}]}}