{"id":33977,"date":"2025-06-30T10:41:46","date_gmt":"2025-06-30T02:41:46","guid":{"rendered":"http:\/\/45.63.70.205\/?post_type=product&#038;p=33977"},"modified":"2025-06-30T11:10:53","modified_gmt":"2025-06-30T03:10:53","slug":"pink-mermaid-keychain-fun-accessory-for-kids-and-adults-perfect-for-bags-and-keys","status":"publish","type":"product","link":"http:\/\/shinyyoustationery.com\/de\/pink-mermaid-keychain-fun-accessory-for-kids-and-adults-perfect-for-bags-and-keys\/","title":{"rendered":"Rosa Meerjungfrau-Schl\u00fcsselanh\u00e4nger - lustiges Accessoire f\u00fcr Kinder und Erwachsene, perfekt f\u00fcr Taschen und Schl\u00fcssel"},"content":{"rendered":"","protected":false},"excerpt":{"rendered":"<p>Dieser leuchtend pinke Meerjungfrauen-Schl\u00fcsselanh\u00e4nger verleiht Ihren Alltagsgegenst\u00e4nden einen Hauch von Laune. Er ist ideal f\u00fcr Kinder und Erwachsene und eignet sich perfekt zum Verzieren von Taschen, Schl\u00fcsseln oder sogar als lustiges Geschenk. Er ist leicht und langlebig und verleiht jeder Accessoire-Kollektion ein verspieltes Flair.<\/p>","protected":false},"featured_media":33978,"template":"","meta":[],"product_brand":[],"product_cat":[659,700],"product_tag":[],"class_list":{"0":"post-33977","1":"product","2":"type-product","3":"status-publish","4":"has-post-thumbnail","6":"product_cat-keychain","7":"product_cat-hot-pink-power-girl-collection","9":"first","10":"instock","11":"shipping-taxable","12":"product-type-simple"},"_links":{"self":[{"href":"http:\/\/shinyyoustationery.com\/de\/wp-json\/wp\/v2\/product\/33977","targetHints":{"allow":["GET"]}}],"collection":[{"href":"http:\/\/shinyyoustationery.com\/de\/wp-json\/wp\/v2\/product"}],"about":[{"href":"http:\/\/shinyyoustationery.com\/de\/wp-json\/wp\/v2\/types\/product"}],"version-history":[{"count":0,"href":"http:\/\/shinyyoustationery.com\/de\/wp-json\/wp\/v2\/product\/33977\/revisions"}],"wp:featuredmedia":[{"embeddable":true,"href":"http:\/\/shinyyoustationery.com\/de\/wp-json\/wp\/v2\/media\/33978"}],"wp:attachment":[{"href":"http:\/\/shinyyoustationery.com\/de\/wp-json\/wp\/v2\/media?parent=33977"}],"wp:term":[{"taxonomy":"product_brand","embeddable":true,"href":"http:\/\/shinyyoustationery.com\/de\/wp-json\/wp\/v2\/product_brand?post=33977"},{"taxonomy":"product_cat","embeddable":true,"href":"http:\/\/shinyyoustationery.com\/de\/wp-json\/wp\/v2\/product_cat?post=33977"},{"taxonomy":"product_tag","embeddable":true,"href":"http:\/\/shinyyoustationery.com\/de\/wp-json\/wp\/v2\/product_tag?post=33977"}],"curies":[{"name":"wp","href":"https:\/\/api.w.org\/{rel}","templated":true}]}}