{"id":33987,"date":"2025-06-30T11:10:17","date_gmt":"2025-06-30T03:10:17","guid":{"rendered":"http:\/\/45.63.70.205\/?post_type=product&#038;p=33987"},"modified":"2025-07-14T00:55:38","modified_gmt":"2025-07-14T08:55:38","slug":"pink-3-drawer-desk-organizer-compact-storage-solution-for-home-office","status":"publish","type":"product","link":"http:\/\/shinyyoustationery.com\/de\/pink-3-drawer-desk-organizer-compact-storage-solution-for-home-office\/","title":{"rendered":"Pinker 3-Schubladen-Schreibtisch-Organizer - Kompakte Aufbewahrungsl\u00f6sung f\u00fcr Heim &amp; B\u00fcro"},"content":{"rendered":"","protected":false},"excerpt":{"rendered":"<p>Dieser elegante pinkfarbene Schreibtisch-Organizer mit 3 Schubladen ist die perfekte L\u00f6sung f\u00fcr einen aufger\u00e4umten und organisierten Arbeitsplatz. Er ist ideal f\u00fcr die Aufbewahrung von Schreibwaren, Dokumenten oder kleinen B\u00fcroartikeln und stellt eine praktische Erg\u00e4nzung f\u00fcr jeden Schreibtisch dar. Durch sein kompaktes Design eignet er sich sowohl f\u00fcr den Einsatz zu Hause als auch im B\u00fcro, w\u00e4hrend die leuchtende rosa Farbe Ihrem Arbeitsplatz einen fr\u00f6hlichen Touch verleiht.<\/p>","protected":false},"featured_media":33989,"template":"","meta":[],"product_brand":[],"product_cat":[427,402,675,700],"product_tag":[],"class_list":{"0":"post-33987","1":"product","2":"type-product","3":"status-publish","4":"has-post-thumbnail","6":"product_cat-desk-organizer","7":"product_cat-desk-organizer-accessories","8":"product_cat-school-desk-organizer","9":"product_cat-hot-pink-power-girl-collection","11":"first","12":"instock","13":"shipping-taxable","14":"product-type-simple"},"_links":{"self":[{"href":"http:\/\/shinyyoustationery.com\/de\/wp-json\/wp\/v2\/product\/33987","targetHints":{"allow":["GET"]}}],"collection":[{"href":"http:\/\/shinyyoustationery.com\/de\/wp-json\/wp\/v2\/product"}],"about":[{"href":"http:\/\/shinyyoustationery.com\/de\/wp-json\/wp\/v2\/types\/product"}],"version-history":[{"count":0,"href":"http:\/\/shinyyoustationery.com\/de\/wp-json\/wp\/v2\/product\/33987\/revisions"}],"wp:featuredmedia":[{"embeddable":true,"href":"http:\/\/shinyyoustationery.com\/de\/wp-json\/wp\/v2\/media\/33989"}],"wp:attachment":[{"href":"http:\/\/shinyyoustationery.com\/de\/wp-json\/wp\/v2\/media?parent=33987"}],"wp:term":[{"taxonomy":"product_brand","embeddable":true,"href":"http:\/\/shinyyoustationery.com\/de\/wp-json\/wp\/v2\/product_brand?post=33987"},{"taxonomy":"product_cat","embeddable":true,"href":"http:\/\/shinyyoustationery.com\/de\/wp-json\/wp\/v2\/product_cat?post=33987"},{"taxonomy":"product_tag","embeddable":true,"href":"http:\/\/shinyyoustationery.com\/de\/wp-json\/wp\/v2\/product_tag?post=33987"}],"curies":[{"name":"wp","href":"https:\/\/api.w.org\/{rel}","templated":true}]}}