{"id":33999,"date":"2025-06-30T13:28:16","date_gmt":"2025-06-30T05:28:16","guid":{"rendered":"http:\/\/45.63.70.205\/?post_type=product&#038;p=33999"},"modified":"2025-06-30T13:37:12","modified_gmt":"2025-06-30T05:37:12","slug":"pink-swivel-pen-holder-with-multi-compartment-perfect-for-kids-and-school-use","status":"publish","type":"product","link":"http:\/\/shinyyoustationery.com\/de\/pink-swivel-pen-holder-with-multi-compartment-perfect-for-kids-and-school-use\/","title":{"rendered":"Rosa drehbarer Stifthalter mit mehreren F\u00e4chern - perfekt f\u00fcr Kinder und die Schule"},"content":{"rendered":"","protected":false},"excerpt":{"rendered":"<p>Dieser leuchtend rosafarbene, drehbare Stifthalter verf\u00fcgt \u00fcber ein einzigartiges Design mit mehreren F\u00e4chern und ist somit ideal f\u00fcr den Gebrauch zu Hause und in der Schule. Die drehbare Basis erm\u00f6glicht einen einfachen Zugriff auf Stifte, Bleistifte und andere Schreibwaren und sorgt f\u00fcr Ordnung auf dem Schreibtisch. Die leuchtend pinke Farbe verleiht jedem Arbeitsbereich oder Klassenzimmer einen lustigen und verspielten Touch, perfekt f\u00fcr Kinder und Studenten.<\/p>","protected":false},"featured_media":34001,"template":"","meta":[],"product_brand":[],"product_cat":[428,700],"product_tag":[],"class_list":{"0":"post-33999","1":"product","2":"type-product","3":"status-publish","4":"has-post-thumbnail","6":"product_cat-pen-holder","7":"product_cat-hot-pink-power-girl-collection","9":"first","10":"instock","11":"shipping-taxable","12":"product-type-simple"},"_links":{"self":[{"href":"http:\/\/shinyyoustationery.com\/de\/wp-json\/wp\/v2\/product\/33999","targetHints":{"allow":["GET"]}}],"collection":[{"href":"http:\/\/shinyyoustationery.com\/de\/wp-json\/wp\/v2\/product"}],"about":[{"href":"http:\/\/shinyyoustationery.com\/de\/wp-json\/wp\/v2\/types\/product"}],"version-history":[{"count":0,"href":"http:\/\/shinyyoustationery.com\/de\/wp-json\/wp\/v2\/product\/33999\/revisions"}],"wp:featuredmedia":[{"embeddable":true,"href":"http:\/\/shinyyoustationery.com\/de\/wp-json\/wp\/v2\/media\/34001"}],"wp:attachment":[{"href":"http:\/\/shinyyoustationery.com\/de\/wp-json\/wp\/v2\/media?parent=33999"}],"wp:term":[{"taxonomy":"product_brand","embeddable":true,"href":"http:\/\/shinyyoustationery.com\/de\/wp-json\/wp\/v2\/product_brand?post=33999"},{"taxonomy":"product_cat","embeddable":true,"href":"http:\/\/shinyyoustationery.com\/de\/wp-json\/wp\/v2\/product_cat?post=33999"},{"taxonomy":"product_tag","embeddable":true,"href":"http:\/\/shinyyoustationery.com\/de\/wp-json\/wp\/v2\/product_tag?post=33999"}],"curies":[{"name":"wp","href":"https:\/\/api.w.org\/{rel}","templated":true}]}}