{"id":34031,"date":"2025-06-30T14:09:04","date_gmt":"2025-06-30T06:09:04","guid":{"rendered":"http:\/\/45.63.70.205\/?post_type=product&#038;p=34031"},"modified":"2025-06-30T14:12:00","modified_gmt":"2025-06-30T06:12:00","slug":"neon-pink-wipe-clean-board-compact-and-fun-for-kids-students-home","status":"publish","type":"product","link":"http:\/\/shinyyoustationery.com\/de\/neon-pink-wipe-clean-board-compact-and-fun-for-kids-students-home\/","title":{"rendered":"Neonpinkes, abwischbares Brett - kompakt und lustig f\u00fcr Kinder, Studenten und zu Hause"},"content":{"rendered":"","protected":false},"excerpt":{"rendered":"<p>Diese <strong data-start=\"120\" data-end=\"150\">Neonrosa abwischbare Tafel<\/strong> ist das perfekte Werkzeug f\u00fcr Studenten, Kinder und alle, die auf spielerische Weise Ordnung halten wollen. Die leuchtend neonpinke Oberfl\u00e4che bietet viel Platz zum Schreiben, Zeichnen oder Hinterlassen von Notizen und kann bei wiederholtem Gebrauch einfach abgewischt werden. Die Tafel ist ideal f\u00fcr zu Hause, in der Schule oder im B\u00fcro. Sie wird mit einem abwischbaren Marker geliefert und eignet sich perfekt zum Notieren von Erinnerungen, Aufgaben oder kreativen Ideen. Ein Muss f\u00fcr alle, die lebendige und praktische Werkzeuge f\u00fcr den t\u00e4glichen Gebrauch lieben!<\/p>","protected":false},"featured_media":34033,"template":"","meta":[],"product_brand":[],"product_cat":[454,700],"product_tag":[],"class_list":{"0":"post-34031","1":"product","2":"type-product","3":"status-publish","4":"has-post-thumbnail","6":"product_cat-whiteboard","7":"product_cat-hot-pink-power-girl-collection","9":"first","10":"instock","11":"shipping-taxable","12":"product-type-simple"},"_links":{"self":[{"href":"http:\/\/shinyyoustationery.com\/de\/wp-json\/wp\/v2\/product\/34031","targetHints":{"allow":["GET"]}}],"collection":[{"href":"http:\/\/shinyyoustationery.com\/de\/wp-json\/wp\/v2\/product"}],"about":[{"href":"http:\/\/shinyyoustationery.com\/de\/wp-json\/wp\/v2\/types\/product"}],"version-history":[{"count":0,"href":"http:\/\/shinyyoustationery.com\/de\/wp-json\/wp\/v2\/product\/34031\/revisions"}],"wp:featuredmedia":[{"embeddable":true,"href":"http:\/\/shinyyoustationery.com\/de\/wp-json\/wp\/v2\/media\/34033"}],"wp:attachment":[{"href":"http:\/\/shinyyoustationery.com\/de\/wp-json\/wp\/v2\/media?parent=34031"}],"wp:term":[{"taxonomy":"product_brand","embeddable":true,"href":"http:\/\/shinyyoustationery.com\/de\/wp-json\/wp\/v2\/product_brand?post=34031"},{"taxonomy":"product_cat","embeddable":true,"href":"http:\/\/shinyyoustationery.com\/de\/wp-json\/wp\/v2\/product_cat?post=34031"},{"taxonomy":"product_tag","embeddable":true,"href":"http:\/\/shinyyoustationery.com\/de\/wp-json\/wp\/v2\/product_tag?post=34031"}],"curies":[{"name":"wp","href":"https:\/\/api.w.org\/{rel}","templated":true}]}}