{"id":34038,"date":"2025-06-30T14:25:27","date_gmt":"2025-06-30T06:25:27","guid":{"rendered":"http:\/\/45.63.70.205\/?post_type=product&#038;p=34038"},"modified":"2025-07-14T01:02:19","modified_gmt":"2025-07-14T09:02:19","slug":"bright-pink-document-bag-stylish-and-practical-organizer-for-school-office-home","status":"publish","type":"product","link":"http:\/\/shinyyoustationery.com\/de\/bright-pink-document-bag-stylish-and-practical-organizer-for-school-office-home\/","title":{"rendered":"Pinke Dokumententasche - stilvoller und praktischer Organizer f\u00fcr Schule, B\u00fcro und Zuhause"},"content":{"rendered":"","protected":false},"excerpt":{"rendered":"<p>Diese <strong data-start=\"134\" data-end=\"162\">Leuchtend rosa Dokumententasche<\/strong> ist sowohl funktional als auch modisch. Mit ihrem strapazierf\u00e4higen Material und dem sicheren Verschluss h\u00e4lt sie Ihre wichtigen Papiere, Dokumente und Schreibwaren geordnet und gesch\u00fctzt. Die leuchtende rosa Farbe verleiht Ihrem Arbeits- oder Lernbereich einen Hauch von Spa\u00df und Energie. Diese Dokumententasche ist ideal f\u00fcr Studenten, Berufst\u00e4tige und alle, die eine zuverl\u00e4ssige und zugleich stilvolle Aufbewahrungsm\u00f6glichkeit f\u00fcr ihre Dokumente suchen, sei es zu Hause, in der Schule oder im B\u00fcro. Durch ihr kompaktes Design l\u00e4sst sie sich leicht transportieren und aufbewahren, so dass Ihre wichtigen Unterlagen immer ordentlich und sicher aufbewahrt sind!<\/p>","protected":false},"featured_media":34039,"template":"","meta":[],"product_brand":[],"product_cat":[531,404,532,700],"product_tag":[],"class_list":{"0":"post-34038","1":"product","2":"type-product","3":"status-publish","4":"has-post-thumbnail","6":"product_cat-document-bag-case","7":"product_cat-bags-cases","8":"product_cat-briefcase","9":"product_cat-hot-pink-power-girl-collection","11":"first","12":"instock","13":"shipping-taxable","14":"product-type-simple"},"_links":{"self":[{"href":"http:\/\/shinyyoustationery.com\/de\/wp-json\/wp\/v2\/product\/34038","targetHints":{"allow":["GET"]}}],"collection":[{"href":"http:\/\/shinyyoustationery.com\/de\/wp-json\/wp\/v2\/product"}],"about":[{"href":"http:\/\/shinyyoustationery.com\/de\/wp-json\/wp\/v2\/types\/product"}],"version-history":[{"count":0,"href":"http:\/\/shinyyoustationery.com\/de\/wp-json\/wp\/v2\/product\/34038\/revisions"}],"wp:featuredmedia":[{"embeddable":true,"href":"http:\/\/shinyyoustationery.com\/de\/wp-json\/wp\/v2\/media\/34039"}],"wp:attachment":[{"href":"http:\/\/shinyyoustationery.com\/de\/wp-json\/wp\/v2\/media?parent=34038"}],"wp:term":[{"taxonomy":"product_brand","embeddable":true,"href":"http:\/\/shinyyoustationery.com\/de\/wp-json\/wp\/v2\/product_brand?post=34038"},{"taxonomy":"product_cat","embeddable":true,"href":"http:\/\/shinyyoustationery.com\/de\/wp-json\/wp\/v2\/product_cat?post=34038"},{"taxonomy":"product_tag","embeddable":true,"href":"http:\/\/shinyyoustationery.com\/de\/wp-json\/wp\/v2\/product_tag?post=34038"}],"curies":[{"name":"wp","href":"https:\/\/api.w.org\/{rel}","templated":true}]}}