{"id":34087,"date":"2025-06-30T15:51:30","date_gmt":"2025-06-30T07:51:30","guid":{"rendered":"http:\/\/45.63.70.205\/?post_type=product&#038;p=34087"},"modified":"2025-07-07T15:23:41","modified_gmt":"2025-07-07T07:23:41","slug":"green-monster-coin-purse-with-key-ring-fun-and-functional-for-kids-teens-and-accessories","status":"publish","type":"product","link":"http:\/\/shinyyoustationery.com\/de\/green-monster-coin-purse-with-key-ring-fun-and-functional-for-kids-teens-and-accessories\/","title":{"rendered":"Gr\u00fcne Monster-M\u00fcnzb\u00f6rse mit Schl\u00fcsselring - lustig und funktionell f\u00fcr Kinder, Jugendliche und Accessoires"},"content":{"rendered":"","protected":false},"excerpt":{"rendered":"<p>Diese <strong data-start=\"135\" data-end=\"163\">Gr\u00fcnes Monster Portemonnaie<\/strong> mit einem Schl\u00fcsselring ist ein verspieltes und praktisches Accessoire f\u00fcr Kinder und Jugendliche. Diese Geldb\u00f6rse in Form eines niedlichen gr\u00fcnen Monsters mit gro\u00dfen Augen und einem breiten L\u00e4cheln ist perfekt f\u00fcr M\u00fcnzen, Kleingeld oder sogar kleine Gegenst\u00e4nde wie Schl\u00fcssel. Dank des angebrachten Schl\u00fcsselrings l\u00e4sst sich das Portemonnaie ganz einfach am Rucksack, an den Schl\u00fcsseln oder an der Tasche befestigen und ist so immer griffbereit. Ein lustiges, skurriles Geschenk oder ein unverzichtbares Accessoire f\u00fcr alle, die einzigartige, farbenfrohe Dinge lieben!<\/p>","protected":false},"featured_media":34089,"template":"","meta":[],"product_brand":[],"product_cat":[716,659,701,404,477],"product_tag":[],"class_list":{"0":"post-34087","1":"product","2":"type-product","3":"status-publish","4":"has-post-thumbnail","6":"product_cat-coin-purse","7":"product_cat-keychain","8":"product_cat-pixel-chomp-collection","9":"product_cat-bags-cases","10":"product_cat-school-bags","12":"first","13":"instock","14":"shipping-taxable","15":"product-type-simple"},"_links":{"self":[{"href":"http:\/\/shinyyoustationery.com\/de\/wp-json\/wp\/v2\/product\/34087","targetHints":{"allow":["GET"]}}],"collection":[{"href":"http:\/\/shinyyoustationery.com\/de\/wp-json\/wp\/v2\/product"}],"about":[{"href":"http:\/\/shinyyoustationery.com\/de\/wp-json\/wp\/v2\/types\/product"}],"version-history":[{"count":0,"href":"http:\/\/shinyyoustationery.com\/de\/wp-json\/wp\/v2\/product\/34087\/revisions"}],"wp:featuredmedia":[{"embeddable":true,"href":"http:\/\/shinyyoustationery.com\/de\/wp-json\/wp\/v2\/media\/34089"}],"wp:attachment":[{"href":"http:\/\/shinyyoustationery.com\/de\/wp-json\/wp\/v2\/media?parent=34087"}],"wp:term":[{"taxonomy":"product_brand","embeddable":true,"href":"http:\/\/shinyyoustationery.com\/de\/wp-json\/wp\/v2\/product_brand?post=34087"},{"taxonomy":"product_cat","embeddable":true,"href":"http:\/\/shinyyoustationery.com\/de\/wp-json\/wp\/v2\/product_cat?post=34087"},{"taxonomy":"product_tag","embeddable":true,"href":"http:\/\/shinyyoustationery.com\/de\/wp-json\/wp\/v2\/product_tag?post=34087"}],"curies":[{"name":"wp","href":"https:\/\/api.w.org\/{rel}","templated":true}]}}