{"id":34099,"date":"2025-06-30T16:05:19","date_gmt":"2025-06-30T08:05:19","guid":{"rendered":"http:\/\/45.63.70.205\/?post_type=product&#038;p=34099"},"modified":"2025-07-02T19:44:23","modified_gmt":"2025-07-02T11:44:23","slug":"pixel-chomp-highlighter-set-bright-neon-colors-for-school-office-and-study","status":"publish","type":"product","link":"http:\/\/shinyyoustationery.com\/de\/pixel-chomp-highlighter-set-bright-neon-colors-for-school-office-and-study\/","title":{"rendered":"Pixel &amp; Chomp Textmarker-Set - Leuchtende Neonfarben f\u00fcr Schule, B\u00fcro und Studium"},"content":{"rendered":"","protected":false},"excerpt":{"rendered":"<p>Diese <strong data-start=\"123\" data-end=\"156\">Pixel &amp; Chomp Textmarker-Set<\/strong> umfasst vier leuchtende Neonfarben - Gelb, Gr\u00fcn, Orange und Pink - und ist perfekt f\u00fcr Studenten, B\u00fcroangestellte und kreative K\u00f6pfe. Mit ihrem witzigen, verpixelten Monsterdesign bringen diese Textmarker sowohl Praktikabilit\u00e4t als auch Pers\u00f6nlichkeit in Ihre Notizen, Aufgaben und Dokumente. Die kr\u00e4ftigen Farben sorgen daf\u00fcr, dass wichtige Punkte hervorgehoben werden, was sie ideal f\u00fcr Schule, Studium oder das Organisieren von Arbeitsmaterialien macht. Perfekt f\u00fcr alle, die etwas Farbe in ihre t\u00e4glichen Aufgaben bringen wollen!<\/p>","protected":false},"featured_media":34097,"template":"","meta":[],"product_brand":[],"product_cat":[418,415,701],"product_tag":[],"class_list":{"0":"post-34099","1":"product","2":"type-product","3":"status-publish","4":"has-post-thumbnail","6":"product_cat-highlighter","7":"product_cat-pen","8":"product_cat-pixel-chomp-collection","10":"first","11":"instock","12":"shipping-taxable","13":"product-type-simple"},"_links":{"self":[{"href":"http:\/\/shinyyoustationery.com\/de\/wp-json\/wp\/v2\/product\/34099","targetHints":{"allow":["GET"]}}],"collection":[{"href":"http:\/\/shinyyoustationery.com\/de\/wp-json\/wp\/v2\/product"}],"about":[{"href":"http:\/\/shinyyoustationery.com\/de\/wp-json\/wp\/v2\/types\/product"}],"version-history":[{"count":0,"href":"http:\/\/shinyyoustationery.com\/de\/wp-json\/wp\/v2\/product\/34099\/revisions"}],"wp:featuredmedia":[{"embeddable":true,"href":"http:\/\/shinyyoustationery.com\/de\/wp-json\/wp\/v2\/media\/34097"}],"wp:attachment":[{"href":"http:\/\/shinyyoustationery.com\/de\/wp-json\/wp\/v2\/media?parent=34099"}],"wp:term":[{"taxonomy":"product_brand","embeddable":true,"href":"http:\/\/shinyyoustationery.com\/de\/wp-json\/wp\/v2\/product_brand?post=34099"},{"taxonomy":"product_cat","embeddable":true,"href":"http:\/\/shinyyoustationery.com\/de\/wp-json\/wp\/v2\/product_cat?post=34099"},{"taxonomy":"product_tag","embeddable":true,"href":"http:\/\/shinyyoustationery.com\/de\/wp-json\/wp\/v2\/product_tag?post=34099"}],"curies":[{"name":"wp","href":"https:\/\/api.w.org\/{rel}","templated":true}]}}