{"id":34102,"date":"2025-06-30T16:43:06","date_gmt":"2025-06-30T08:43:06","guid":{"rendered":"http:\/\/45.63.70.205\/?post_type=product&#038;p=34102"},"modified":"2025-06-30T16:43:06","modified_gmt":"2025-06-30T08:43:06","slug":"pixel-chomp-stationery-set-bright-and-fun-for-school-office-and-kids","status":"publish","type":"product","link":"http:\/\/shinyyoustationery.com\/de\/pixel-chomp-stationery-set-bright-and-fun-for-school-office-and-kids\/","title":{"rendered":"Pixel &amp; Chomp Schreibwaren-Set - bunt und lustig f\u00fcr Schule, B\u00fcro und Kinder"},"content":{"rendered":"","protected":false},"excerpt":{"rendered":"<p>Diese <strong data-start=\"117\" data-end=\"149\">Pixel &amp; Chomp Schreibwaren-Set<\/strong> enth\u00e4lt vier farbenfrohe, unverzichtbare Stifte und Textmarker: blau, gr\u00fcn, gelb und transparent. Dieses Set ist perfekt f\u00fcr Studenten, Kinder und B\u00fcroangestellte und bringt sowohl Stil als auch Funktion in den Alltag. Die verspielten <strong data-start=\"368\" data-end=\"385\">Pixel &amp; Chomp<\/strong> Design macht das Lernen, Arbeiten oder Organisieren zu einer angenehmeren Erfahrung. Dieses farbenfrohe Set ist ideal f\u00fcr den Einsatz in der Schule, zu Hause oder im B\u00fcro und bereichert Ihre Schreibwarensammlung um einen lustigen Farbtupfer!<\/p>","protected":false},"featured_media":34103,"template":"","meta":[],"product_brand":[],"product_cat":[331,701],"product_tag":[],"class_list":{"0":"post-34102","1":"product","2":"type-product","3":"status-publish","4":"has-post-thumbnail","6":"product_cat-stationery-set","7":"product_cat-pixel-chomp-collection","9":"first","10":"instock","11":"shipping-taxable","12":"product-type-simple"},"_links":{"self":[{"href":"http:\/\/shinyyoustationery.com\/de\/wp-json\/wp\/v2\/product\/34102","targetHints":{"allow":["GET"]}}],"collection":[{"href":"http:\/\/shinyyoustationery.com\/de\/wp-json\/wp\/v2\/product"}],"about":[{"href":"http:\/\/shinyyoustationery.com\/de\/wp-json\/wp\/v2\/types\/product"}],"version-history":[{"count":0,"href":"http:\/\/shinyyoustationery.com\/de\/wp-json\/wp\/v2\/product\/34102\/revisions"}],"wp:featuredmedia":[{"embeddable":true,"href":"http:\/\/shinyyoustationery.com\/de\/wp-json\/wp\/v2\/media\/34103"}],"wp:attachment":[{"href":"http:\/\/shinyyoustationery.com\/de\/wp-json\/wp\/v2\/media?parent=34102"}],"wp:term":[{"taxonomy":"product_brand","embeddable":true,"href":"http:\/\/shinyyoustationery.com\/de\/wp-json\/wp\/v2\/product_brand?post=34102"},{"taxonomy":"product_cat","embeddable":true,"href":"http:\/\/shinyyoustationery.com\/de\/wp-json\/wp\/v2\/product_cat?post=34102"},{"taxonomy":"product_tag","embeddable":true,"href":"http:\/\/shinyyoustationery.com\/de\/wp-json\/wp\/v2\/product_tag?post=34102"}],"curies":[{"name":"wp","href":"https:\/\/api.w.org\/{rel}","templated":true}]}}