{"id":34108,"date":"2025-06-30T16:45:32","date_gmt":"2025-06-30T08:45:32","guid":{"rendered":"http:\/\/45.63.70.205\/?post_type=product&#038;p=34108"},"modified":"2025-06-30T16:46:33","modified_gmt":"2025-06-30T08:46:33","slug":"pixel-chomp-colorful-sticky-notes-fun-and-bright-for-school-office-and-kids","status":"publish","type":"product","link":"http:\/\/shinyyoustationery.com\/de\/pixel-chomp-colorful-sticky-notes-fun-and-bright-for-school-office-and-kids\/","title":{"rendered":"Pixel &amp; Chomp Bunte Haftnotizen - lustig und hell f\u00fcr Schule, B\u00fcro und Kinder"},"content":{"rendered":"","protected":false},"excerpt":{"rendered":"<p>Diese <strong data-start=\"124\" data-end=\"163\">Pixel &amp; Chomp Bunte Haftnotizen<\/strong> Set enth\u00e4lt eine Vielzahl von leuchtenden, kr\u00e4ftigen Farben, darunter Gelb, Gr\u00fcn, Pink und Orange. Diese Haftnotizen sind ideal f\u00fcr die Schule, das B\u00fcro oder den privaten Gebrauch und eignen sich perfekt zum Notieren von Erinnerungen, Notizen oder Ideen. Mit ihrem lustigen Pixel- und Chomp-Design verleihen sie jedem Arbeits- oder Lernbereich eine verspielte Note. Ein Muss f\u00fcr Studenten, Lehrer, Berufst\u00e4tige und alle, die gerne Farbe in ihre Organisation bringen!<\/p>","protected":false},"featured_media":34110,"template":"","meta":[],"product_brand":[],"product_cat":[385,701],"product_tag":[],"class_list":{"0":"post-34108","1":"product","2":"type-product","3":"status-publish","4":"has-post-thumbnail","6":"product_cat-sticky-note","7":"product_cat-pixel-chomp-collection","9":"first","10":"instock","11":"shipping-taxable","12":"product-type-simple"},"_links":{"self":[{"href":"http:\/\/shinyyoustationery.com\/de\/wp-json\/wp\/v2\/product\/34108","targetHints":{"allow":["GET"]}}],"collection":[{"href":"http:\/\/shinyyoustationery.com\/de\/wp-json\/wp\/v2\/product"}],"about":[{"href":"http:\/\/shinyyoustationery.com\/de\/wp-json\/wp\/v2\/types\/product"}],"version-history":[{"count":0,"href":"http:\/\/shinyyoustationery.com\/de\/wp-json\/wp\/v2\/product\/34108\/revisions"}],"wp:featuredmedia":[{"embeddable":true,"href":"http:\/\/shinyyoustationery.com\/de\/wp-json\/wp\/v2\/media\/34110"}],"wp:attachment":[{"href":"http:\/\/shinyyoustationery.com\/de\/wp-json\/wp\/v2\/media?parent=34108"}],"wp:term":[{"taxonomy":"product_brand","embeddable":true,"href":"http:\/\/shinyyoustationery.com\/de\/wp-json\/wp\/v2\/product_brand?post=34108"},{"taxonomy":"product_cat","embeddable":true,"href":"http:\/\/shinyyoustationery.com\/de\/wp-json\/wp\/v2\/product_cat?post=34108"},{"taxonomy":"product_tag","embeddable":true,"href":"http:\/\/shinyyoustationery.com\/de\/wp-json\/wp\/v2\/product_tag?post=34108"}],"curies":[{"name":"wp","href":"https:\/\/api.w.org\/{rel}","templated":true}]}}