{"id":34115,"date":"2025-06-30T17:12:08","date_gmt":"2025-06-30T09:12:08","guid":{"rendered":"http:\/\/45.63.70.205\/?post_type=product&#038;p=34115"},"modified":"2025-06-30T17:12:09","modified_gmt":"2025-06-30T09:12:09","slug":"colorful-monster-themed-notebook-labels-fun-and-vibrant-labels-for-kids-school-supplies","status":"publish","type":"product","link":"http:\/\/shinyyoustationery.com\/de\/colorful-monster-themed-notebook-labels-fun-and-vibrant-labels-for-kids-school-supplies\/","title":{"rendered":"Bunte Notizbuch-Etiketten mit Monstermotiven - lustige und farbenfrohe Etiketten f\u00fcr die Schulsachen der Kinder"},"content":{"rendered":"","protected":false},"excerpt":{"rendered":"<p>Verleihen Sie Ihren Schulsachen einen verspielten Touch mit diesem Set bunter Notizbuchetiketten mit Monstermotiven. Die f\u00fcr Kinder entworfenen Etiketten sind in leuchtendem Pink, Gelb und Gr\u00fcn gehalten und mit niedlichen, skurrilen Monsterillustrationen versehen. Diese Etiketten eignen sich perfekt f\u00fcr die Organisation von Heften, Ordnern oder B\u00fcchern und machen es einfach, Schulmaterialien zu personalisieren und sie gleichzeitig lustig und einzigartig zu gestalten. Ideal f\u00fcr den Schulanfang oder als kreative Erg\u00e4nzung f\u00fcr die Sammlung eines jeden jungen Sch\u00fclers.<\/p>","protected":false},"featured_media":34116,"template":"","meta":[],"product_brand":[],"product_cat":[439,380,701],"product_tag":[],"class_list":{"0":"post-34115","1":"product","2":"type-product","3":"status-publish","4":"has-post-thumbnail","6":"product_cat-label","7":"product_cat-school-stationery","8":"product_cat-pixel-chomp-collection","10":"first","11":"instock","12":"shipping-taxable","13":"product-type-simple"},"_links":{"self":[{"href":"http:\/\/shinyyoustationery.com\/de\/wp-json\/wp\/v2\/product\/34115","targetHints":{"allow":["GET"]}}],"collection":[{"href":"http:\/\/shinyyoustationery.com\/de\/wp-json\/wp\/v2\/product"}],"about":[{"href":"http:\/\/shinyyoustationery.com\/de\/wp-json\/wp\/v2\/types\/product"}],"version-history":[{"count":0,"href":"http:\/\/shinyyoustationery.com\/de\/wp-json\/wp\/v2\/product\/34115\/revisions"}],"wp:featuredmedia":[{"embeddable":true,"href":"http:\/\/shinyyoustationery.com\/de\/wp-json\/wp\/v2\/media\/34116"}],"wp:attachment":[{"href":"http:\/\/shinyyoustationery.com\/de\/wp-json\/wp\/v2\/media?parent=34115"}],"wp:term":[{"taxonomy":"product_brand","embeddable":true,"href":"http:\/\/shinyyoustationery.com\/de\/wp-json\/wp\/v2\/product_brand?post=34115"},{"taxonomy":"product_cat","embeddable":true,"href":"http:\/\/shinyyoustationery.com\/de\/wp-json\/wp\/v2\/product_cat?post=34115"},{"taxonomy":"product_tag","embeddable":true,"href":"http:\/\/shinyyoustationery.com\/de\/wp-json\/wp\/v2\/product_tag?post=34115"}],"curies":[{"name":"wp","href":"https:\/\/api.w.org\/{rel}","templated":true}]}}