{"id":34122,"date":"2025-06-30T17:24:15","date_gmt":"2025-06-30T09:24:15","guid":{"rendered":"http:\/\/45.63.70.205\/?post_type=product&#038;p=34122"},"modified":"2025-06-30T17:28:48","modified_gmt":"2025-06-30T09:28:48","slug":"pixel-chomp-blue-a6-spiral-notebook-fun-and-stylish-for-kids-school-and-office","status":"publish","type":"product","link":"http:\/\/shinyyoustationery.com\/de\/pixel-chomp-blue-a6-spiral-notebook-fun-and-stylish-for-kids-school-and-office\/","title":{"rendered":"Pixel &amp; Chomp Blaues A6-Spiral-Notizbuch - lustig und stilvoll f\u00fcr Kinder, Schule und B\u00fcro"},"content":{"rendered":"","protected":false},"excerpt":{"rendered":"<p>Diese <strong data-start=\"124\" data-end=\"162\">Pixel &amp; Chomp Blaues Spiralbuch<\/strong> bietet ein verspieltes Design mit einer coolen verpixelten Monsterfigur, perfekt f\u00fcr Studenten, Kinder oder alle, die skurrile und lustige Schreibwaren lieben. Der Softcover-Einband und die Spiralbindung erleichtern den Einsatz in der Schule, zu Hause oder im B\u00fcro, um Notizen zu machen, Tagebuch zu f\u00fchren oder kreative Projekte durchzuf\u00fchren. Die leuchtend blaue Farbe und das k\u00fchne Monsterdesign verleihen Ihrem Arbeitsbereich Pers\u00f6nlichkeit und machen es zu einer gro\u00dfartigen Erg\u00e4nzung f\u00fcr die <strong data-start=\"562\" data-end=\"579\">Pixel &amp; Chomp<\/strong> Sammlung!<\/p>","protected":false},"featured_media":34123,"template":"","meta":[],"product_brand":[],"product_cat":[493,387,668,701],"product_tag":[],"class_list":{"0":"post-34122","1":"product","2":"type-product","3":"status-publish","4":"has-post-thumbnail","6":"product_cat-spiral-notebook","7":"product_cat-notebooks-journals","8":"product_cat-softcover-notebook","9":"product_cat-pixel-chomp-collection","11":"first","12":"instock","13":"shipping-taxable","14":"product-type-simple"},"_links":{"self":[{"href":"http:\/\/shinyyoustationery.com\/de\/wp-json\/wp\/v2\/product\/34122","targetHints":{"allow":["GET"]}}],"collection":[{"href":"http:\/\/shinyyoustationery.com\/de\/wp-json\/wp\/v2\/product"}],"about":[{"href":"http:\/\/shinyyoustationery.com\/de\/wp-json\/wp\/v2\/types\/product"}],"version-history":[{"count":0,"href":"http:\/\/shinyyoustationery.com\/de\/wp-json\/wp\/v2\/product\/34122\/revisions"}],"wp:featuredmedia":[{"embeddable":true,"href":"http:\/\/shinyyoustationery.com\/de\/wp-json\/wp\/v2\/media\/34123"}],"wp:attachment":[{"href":"http:\/\/shinyyoustationery.com\/de\/wp-json\/wp\/v2\/media?parent=34122"}],"wp:term":[{"taxonomy":"product_brand","embeddable":true,"href":"http:\/\/shinyyoustationery.com\/de\/wp-json\/wp\/v2\/product_brand?post=34122"},{"taxonomy":"product_cat","embeddable":true,"href":"http:\/\/shinyyoustationery.com\/de\/wp-json\/wp\/v2\/product_cat?post=34122"},{"taxonomy":"product_tag","embeddable":true,"href":"http:\/\/shinyyoustationery.com\/de\/wp-json\/wp\/v2\/product_tag?post=34122"}],"curies":[{"name":"wp","href":"https:\/\/api.w.org\/{rel}","templated":true}]}}