{"id":34126,"date":"2025-06-30T17:32:19","date_gmt":"2025-06-30T09:32:19","guid":{"rendered":"http:\/\/45.63.70.205\/?post_type=product&#038;p=34126"},"modified":"2025-06-30T17:34:01","modified_gmt":"2025-06-30T09:34:01","slug":"pixel-chomp-a5-blue-monster-themed-spiral-notebook-for-kids","status":"publish","type":"product","link":"http:\/\/shinyyoustationery.com\/de\/pixel-chomp-a5-blue-monster-themed-spiral-notebook-for-kids\/","title":{"rendered":"Pixel &amp; Chomp A5 Blaues Monster-Thema Spiral Notizbuch f\u00fcr Kinder"},"content":{"rendered":"","protected":false},"excerpt":{"rendered":"<p>Machen Sie Ihre Notizen spannend mit dem Pixel &amp; Chomp Spiralnotizbuch mit blauem Monstermotiv. Mit dem verspielten Design eines verpixelten Monsters mit Sonnenbrille ist dieses Notizbuch perfekt f\u00fcr Kinder, Studenten und alle, die eine witzige Abwechslung in ihren Schreibwaren lieben. Es ist ideal f\u00fcr die Schule, zum Zeichnen oder f\u00fcr Tageb\u00fccher. Die haltbare Spiralbindung und das farbenfrohe Design machen es zu einer perfekten Erg\u00e4nzung f\u00fcr jeden Schreibtisch oder Rucksack.<\/p>","protected":false},"featured_media":34127,"template":"","meta":[],"product_brand":[],"product_cat":[493,668,701,387],"product_tag":[],"class_list":{"0":"post-34126","1":"product","2":"type-product","3":"status-publish","4":"has-post-thumbnail","6":"product_cat-spiral-notebook","7":"product_cat-softcover-notebook","8":"product_cat-pixel-chomp-collection","9":"product_cat-notebooks-journals","11":"first","12":"instock","13":"shipping-taxable","14":"product-type-simple"},"_links":{"self":[{"href":"http:\/\/shinyyoustationery.com\/de\/wp-json\/wp\/v2\/product\/34126","targetHints":{"allow":["GET"]}}],"collection":[{"href":"http:\/\/shinyyoustationery.com\/de\/wp-json\/wp\/v2\/product"}],"about":[{"href":"http:\/\/shinyyoustationery.com\/de\/wp-json\/wp\/v2\/types\/product"}],"version-history":[{"count":0,"href":"http:\/\/shinyyoustationery.com\/de\/wp-json\/wp\/v2\/product\/34126\/revisions"}],"wp:featuredmedia":[{"embeddable":true,"href":"http:\/\/shinyyoustationery.com\/de\/wp-json\/wp\/v2\/media\/34127"}],"wp:attachment":[{"href":"http:\/\/shinyyoustationery.com\/de\/wp-json\/wp\/v2\/media?parent=34126"}],"wp:term":[{"taxonomy":"product_brand","embeddable":true,"href":"http:\/\/shinyyoustationery.com\/de\/wp-json\/wp\/v2\/product_brand?post=34126"},{"taxonomy":"product_cat","embeddable":true,"href":"http:\/\/shinyyoustationery.com\/de\/wp-json\/wp\/v2\/product_cat?post=34126"},{"taxonomy":"product_tag","embeddable":true,"href":"http:\/\/shinyyoustationery.com\/de\/wp-json\/wp\/v2\/product_tag?post=34126"}],"curies":[{"name":"wp","href":"https:\/\/api.w.org\/{rel}","templated":true}]}}