{"id":34135,"date":"2025-06-30T18:38:42","date_gmt":"2025-06-30T10:38:42","guid":{"rendered":"http:\/\/45.63.70.205\/?post_type=product&#038;p=34135"},"modified":"2025-06-30T18:40:49","modified_gmt":"2025-06-30T10:40:49","slug":"green-plush-a5-hardcover-notebook-cute-and-soft-journal-for-kids","status":"publish","type":"product","link":"http:\/\/shinyyoustationery.com\/de\/green-plush-a5-hardcover-notebook-cute-and-soft-journal-for-kids\/","title":{"rendered":"Gr\u00fcner Pl\u00fcsch A5 Hardcover Notebook - Niedlich und weich Journal f\u00fcr Kinder"},"content":{"rendered":"","protected":false},"excerpt":{"rendered":"<p>Dieses bezaubernde A5-Pl\u00fcsch-Notizbuch mit festem Einband hat ein lustiges, von Monstern inspiriertes Design mit leuchtend gr\u00fcnen und blauen Akzenten und ist damit die perfekte Wahl f\u00fcr Kinder, Studenten oder alle, die verspielte Schreibwaren lieben. Es f\u00fchlt sich weich an und ist leicht - ideal zum Kritzeln, Schreiben oder f\u00fcr Tagebucheintr\u00e4ge mit Stil!<\/p>","protected":false},"featured_media":34137,"template":"","meta":[],"product_brand":[],"product_cat":[387,667,676,701],"product_tag":[],"class_list":{"0":"post-34135","1":"product","2":"type-product","3":"status-publish","4":"has-post-thumbnail","6":"product_cat-notebooks-journals","7":"product_cat-hardcover-notebook","8":"product_cat-plush-notebook","9":"product_cat-pixel-chomp-collection","11":"first","12":"instock","13":"shipping-taxable","14":"product-type-simple"},"_links":{"self":[{"href":"http:\/\/shinyyoustationery.com\/de\/wp-json\/wp\/v2\/product\/34135","targetHints":{"allow":["GET"]}}],"collection":[{"href":"http:\/\/shinyyoustationery.com\/de\/wp-json\/wp\/v2\/product"}],"about":[{"href":"http:\/\/shinyyoustationery.com\/de\/wp-json\/wp\/v2\/types\/product"}],"version-history":[{"count":0,"href":"http:\/\/shinyyoustationery.com\/de\/wp-json\/wp\/v2\/product\/34135\/revisions"}],"wp:featuredmedia":[{"embeddable":true,"href":"http:\/\/shinyyoustationery.com\/de\/wp-json\/wp\/v2\/media\/34137"}],"wp:attachment":[{"href":"http:\/\/shinyyoustationery.com\/de\/wp-json\/wp\/v2\/media?parent=34135"}],"wp:term":[{"taxonomy":"product_brand","embeddable":true,"href":"http:\/\/shinyyoustationery.com\/de\/wp-json\/wp\/v2\/product_brand?post=34135"},{"taxonomy":"product_cat","embeddable":true,"href":"http:\/\/shinyyoustationery.com\/de\/wp-json\/wp\/v2\/product_cat?post=34135"},{"taxonomy":"product_tag","embeddable":true,"href":"http:\/\/shinyyoustationery.com\/de\/wp-json\/wp\/v2\/product_tag?post=34135"}],"curies":[{"name":"wp","href":"https:\/\/api.w.org\/{rel}","templated":true}]}}