{"id":34180,"date":"2025-06-30T20:25:06","date_gmt":"2025-06-30T12:25:06","guid":{"rendered":"http:\/\/45.63.70.205\/?post_type=product&#038;p=34180"},"modified":"2025-07-08T14:55:24","modified_gmt":"2025-07-08T06:55:24","slug":"vibrant-double-ended-coloring-pencils-perfect-for-kids-and-students","status":"publish","type":"product","link":"http:\/\/shinyyoustationery.com\/de\/vibrant-double-ended-coloring-pencils-perfect-for-kids-and-students\/","title":{"rendered":"Lebendige Malstifte mit zwei Enden - perfekt f\u00fcr Kinder und Studenten"},"content":{"rendered":"","protected":false},"excerpt":{"rendered":"<p>Mit diesen 6 farbenfrohen Rollstempelstiften aus der Arts &amp; Crafts Collection lassen sich lustige Muster in Ihre Kunstwerke einbauen. Mit einem Regenbogen von Tintenfarben, einschlie\u00dflich rot, orange, gelb, gr\u00fcn, blau und lila, sind diese Stifte perfekt f\u00fcr Kinder und Studenten gleicherma\u00dfen. Sie sind ideal f\u00fcr Scrapbooking, Karten oder andere kreative Projekte und hinterlassen mit Leichtigkeit ein einzigartiges Design. Perfekt, um Bastelarbeiten und Schulaktivit\u00e4ten einen k\u00fcnstlerischen Touch zu verleihen!<\/p>","protected":false},"featured_media":34181,"template":"","meta":[],"product_brand":[],"product_cat":[415,416,474,702],"product_tag":[],"class_list":{"0":"post-34180","1":"product","2":"type-product","3":"status-publish","4":"has-post-thumbnail","6":"product_cat-pen","7":"product_cat-pencil","8":"product_cat-kids-stationery","9":"product_cat-arts-crafts-collection","11":"first","12":"instock","13":"shipping-taxable","14":"product-type-simple"},"_links":{"self":[{"href":"http:\/\/shinyyoustationery.com\/de\/wp-json\/wp\/v2\/product\/34180","targetHints":{"allow":["GET"]}}],"collection":[{"href":"http:\/\/shinyyoustationery.com\/de\/wp-json\/wp\/v2\/product"}],"about":[{"href":"http:\/\/shinyyoustationery.com\/de\/wp-json\/wp\/v2\/types\/product"}],"version-history":[{"count":0,"href":"http:\/\/shinyyoustationery.com\/de\/wp-json\/wp\/v2\/product\/34180\/revisions"}],"wp:featuredmedia":[{"embeddable":true,"href":"http:\/\/shinyyoustationery.com\/de\/wp-json\/wp\/v2\/media\/34181"}],"wp:attachment":[{"href":"http:\/\/shinyyoustationery.com\/de\/wp-json\/wp\/v2\/media?parent=34180"}],"wp:term":[{"taxonomy":"product_brand","embeddable":true,"href":"http:\/\/shinyyoustationery.com\/de\/wp-json\/wp\/v2\/product_brand?post=34180"},{"taxonomy":"product_cat","embeddable":true,"href":"http:\/\/shinyyoustationery.com\/de\/wp-json\/wp\/v2\/product_cat?post=34180"},{"taxonomy":"product_tag","embeddable":true,"href":"http:\/\/shinyyoustationery.com\/de\/wp-json\/wp\/v2\/product_tag?post=34180"}],"curies":[{"name":"wp","href":"https:\/\/api.w.org\/{rel}","templated":true}]}}