{"id":34188,"date":"2025-07-01T11:44:37","date_gmt":"2025-07-01T03:44:37","guid":{"rendered":"http:\/\/45.63.70.205\/?post_type=product&#038;p=34188"},"modified":"2025-09-11T13:08:21","modified_gmt":"2025-09-11T05:08:21","slug":"18-piece-art-set-watercolor-paints-crayons-chalk-and-felt-tip-pens-for-kids-and-artists","status":"publish","type":"product","link":"http:\/\/shinyyoustationery.com\/de\/18-piece-art-set-watercolor-paints-crayons-chalk-and-felt-tip-pens-for-kids-and-artists\/","title":{"rendered":"18-teiliges Kunstset - Aquarellfarben, Buntstifte, Kreide und Filzstifte f\u00fcr Kinder und K\u00fcnstler"},"content":{"rendered":"","protected":false},"excerpt":{"rendered":"<p>Dieses 18-teilige Kunstset mit 12 Aquarellfarben, 6 farbigen Kreiden, 8 Wachsmalstiften und 3 Filzstiften ist perfekt f\u00fcr Kinder und angehende K\u00fcnstler. Es ist ideal f\u00fcr kreative Projekte zu Hause, in der Schule oder zum Basteln und bietet eine Vielzahl an leuchtenden Farben, die zu unendlichen k\u00fcnstlerischen M\u00f6glichkeiten inspirieren. Perfekt f\u00fcr Kinder, die gerne zeichnen, malen und ihre Kreativit\u00e4t ausleben.<\/p>","protected":false},"featured_media":34189,"template":"","meta":[],"product_brand":[],"product_cat":[702,415,417,474,504,505,717],"product_tag":[],"class_list":{"0":"post-34188","1":"product","2":"type-product","3":"status-publish","4":"has-post-thumbnail","6":"product_cat-arts-crafts-collection","7":"product_cat-pen","8":"product_cat-marker","9":"product_cat-kids-stationery","10":"product_cat-crayon","11":"product_cat-watercolor-paint","12":"product_cat-felt-tip-pens","14":"first","15":"instock","16":"shipping-taxable","17":"product-type-simple"},"_links":{"self":[{"href":"http:\/\/shinyyoustationery.com\/de\/wp-json\/wp\/v2\/product\/34188","targetHints":{"allow":["GET"]}}],"collection":[{"href":"http:\/\/shinyyoustationery.com\/de\/wp-json\/wp\/v2\/product"}],"about":[{"href":"http:\/\/shinyyoustationery.com\/de\/wp-json\/wp\/v2\/types\/product"}],"version-history":[{"count":0,"href":"http:\/\/shinyyoustationery.com\/de\/wp-json\/wp\/v2\/product\/34188\/revisions"}],"wp:featuredmedia":[{"embeddable":true,"href":"http:\/\/shinyyoustationery.com\/de\/wp-json\/wp\/v2\/media\/34189"}],"wp:attachment":[{"href":"http:\/\/shinyyoustationery.com\/de\/wp-json\/wp\/v2\/media?parent=34188"}],"wp:term":[{"taxonomy":"product_brand","embeddable":true,"href":"http:\/\/shinyyoustationery.com\/de\/wp-json\/wp\/v2\/product_brand?post=34188"},{"taxonomy":"product_cat","embeddable":true,"href":"http:\/\/shinyyoustationery.com\/de\/wp-json\/wp\/v2\/product_cat?post=34188"},{"taxonomy":"product_tag","embeddable":true,"href":"http:\/\/shinyyoustationery.com\/de\/wp-json\/wp\/v2\/product_tag?post=34188"}],"curies":[{"name":"wp","href":"https:\/\/api.w.org\/{rel}","templated":true}]}}