{"id":34193,"date":"2025-07-01T13:18:05","date_gmt":"2025-07-01T05:18:05","guid":{"rendered":"http:\/\/45.63.70.205\/?post_type=product&#038;p=34193"},"modified":"2025-07-02T19:35:38","modified_gmt":"2025-07-02T11:35:38","slug":"green-ballpoint-pens-4-pack-with-black-ink-for-office-school","status":"publish","type":"product","link":"http:\/\/shinyyoustationery.com\/de\/green-ballpoint-pens-4-pack-with-black-ink-for-office-school\/","title":{"rendered":"Gr\u00fcne Kugelschreiber - 4er-Pack mit schwarzer Tinte f\u00fcr B\u00fcro &amp; Schule"},"content":{"rendered":"","protected":false},"excerpt":{"rendered":"<p>Dieses 4er-Pack leuchtend gr\u00fcner Kugelschreiber mit glatter schwarzer Tinte eignet sich perfekt zum Schreiben, f\u00fcr Notizen oder f\u00fcr allt\u00e4gliche Aufgaben im B\u00fcro oder in der Schule. Ihr schlankes Design und der bequeme Griff machen sie ideal f\u00fcr Studenten und Berufst\u00e4tige, die zuverl\u00e4ssige, hochwertige Stifte f\u00fcr den t\u00e4glichen Gebrauch ben\u00f6tigen.<\/p>","protected":false},"featured_media":34194,"template":"","meta":[],"product_brand":[],"product_cat":[479,415,702],"product_tag":[],"class_list":{"0":"post-34193","1":"product","2":"type-product","3":"status-publish","4":"has-post-thumbnail","6":"product_cat-ballpoint-pen","7":"product_cat-pen","8":"product_cat-arts-crafts-collection","10":"first","11":"instock","12":"shipping-taxable","13":"product-type-simple"},"_links":{"self":[{"href":"http:\/\/shinyyoustationery.com\/de\/wp-json\/wp\/v2\/product\/34193","targetHints":{"allow":["GET"]}}],"collection":[{"href":"http:\/\/shinyyoustationery.com\/de\/wp-json\/wp\/v2\/product"}],"about":[{"href":"http:\/\/shinyyoustationery.com\/de\/wp-json\/wp\/v2\/types\/product"}],"version-history":[{"count":0,"href":"http:\/\/shinyyoustationery.com\/de\/wp-json\/wp\/v2\/product\/34193\/revisions"}],"wp:featuredmedia":[{"embeddable":true,"href":"http:\/\/shinyyoustationery.com\/de\/wp-json\/wp\/v2\/media\/34194"}],"wp:attachment":[{"href":"http:\/\/shinyyoustationery.com\/de\/wp-json\/wp\/v2\/media?parent=34193"}],"wp:term":[{"taxonomy":"product_brand","embeddable":true,"href":"http:\/\/shinyyoustationery.com\/de\/wp-json\/wp\/v2\/product_brand?post=34193"},{"taxonomy":"product_cat","embeddable":true,"href":"http:\/\/shinyyoustationery.com\/de\/wp-json\/wp\/v2\/product_cat?post=34193"},{"taxonomy":"product_tag","embeddable":true,"href":"http:\/\/shinyyoustationery.com\/de\/wp-json\/wp\/v2\/product_tag?post=34193"}],"curies":[{"name":"wp","href":"https:\/\/api.w.org\/{rel}","templated":true}]}}