{"id":34201,"date":"2025-07-01T13:42:29","date_gmt":"2025-07-01T05:42:29","guid":{"rendered":"http:\/\/45.63.70.205\/?post_type=product&#038;p=34201"},"modified":"2025-07-08T20:43:12","modified_gmt":"2025-07-08T12:43:12","slug":"glittery-red-a5-spiral-notebook-stylish-softcover-for-school-office","status":"publish","type":"product","link":"http:\/\/shinyyoustationery.com\/de\/glittery-red-a5-spiral-notebook-stylish-softcover-for-school-office\/","title":{"rendered":"Glitzerndes rotes A5-Spiralheft - Stylisches Softcover f\u00fcr Schule &amp; B\u00fcro"},"content":{"rendered":"","protected":false},"excerpt":{"rendered":"<p>Dieses auff\u00e4llige A5-Spiral-Notizbuch hat einen schimmernden roten Glitzereinband und eignet sich perfekt f\u00fcr Studenten, Berufst\u00e4tige und alle, die ihren Notizen einen Hauch von Glanz verleihen m\u00f6chten. Das einzigartige \"OXO\"-Design verleiht ihm eine verspielte Note und macht es zu einer unterhaltsamen Wahl f\u00fcr kreatives Schreiben, Tagebuchf\u00fchrung oder Tagesplanung. Das kompakte und robuste Buch ist ideal f\u00fcr Rucks\u00e4cke, Handtaschen oder Arbeitstaschen.<\/p>","protected":false},"featured_media":34203,"template":"","meta":[],"product_brand":[],"product_cat":[493,387],"product_tag":[],"class_list":{"0":"post-34201","1":"product","2":"type-product","3":"status-publish","4":"has-post-thumbnail","6":"product_cat-spiral-notebook","7":"product_cat-notebooks-journals","9":"first","10":"instock","11":"shipping-taxable","12":"product-type-simple"},"_links":{"self":[{"href":"http:\/\/shinyyoustationery.com\/de\/wp-json\/wp\/v2\/product\/34201","targetHints":{"allow":["GET"]}}],"collection":[{"href":"http:\/\/shinyyoustationery.com\/de\/wp-json\/wp\/v2\/product"}],"about":[{"href":"http:\/\/shinyyoustationery.com\/de\/wp-json\/wp\/v2\/types\/product"}],"version-history":[{"count":0,"href":"http:\/\/shinyyoustationery.com\/de\/wp-json\/wp\/v2\/product\/34201\/revisions"}],"wp:featuredmedia":[{"embeddable":true,"href":"http:\/\/shinyyoustationery.com\/de\/wp-json\/wp\/v2\/media\/34203"}],"wp:attachment":[{"href":"http:\/\/shinyyoustationery.com\/de\/wp-json\/wp\/v2\/media?parent=34201"}],"wp:term":[{"taxonomy":"product_brand","embeddable":true,"href":"http:\/\/shinyyoustationery.com\/de\/wp-json\/wp\/v2\/product_brand?post=34201"},{"taxonomy":"product_cat","embeddable":true,"href":"http:\/\/shinyyoustationery.com\/de\/wp-json\/wp\/v2\/product_cat?post=34201"},{"taxonomy":"product_tag","embeddable":true,"href":"http:\/\/shinyyoustationery.com\/de\/wp-json\/wp\/v2\/product_tag?post=34201"}],"curies":[{"name":"wp","href":"https:\/\/api.w.org\/{rel}","templated":true}]}}