{"id":34210,"date":"2025-07-01T13:50:33","date_gmt":"2025-07-01T05:50:33","guid":{"rendered":"http:\/\/45.63.70.205\/?post_type=product&#038;p=34210"},"modified":"2025-07-08T20:42:53","modified_gmt":"2025-07-08T12:42:53","slug":"elegant-rose-gold-glitter-a5-spiral-notebook-perfect-for-school-office","status":"publish","type":"product","link":"http:\/\/shinyyoustationery.com\/de\/elegant-rose-gold-glitter-a5-spiral-notebook-perfect-for-school-office\/","title":{"rendered":"Elegantes Rose Gold Glitter A5 Spiral Notebook - Perfekt f\u00fcr Schule &amp; B\u00fcroKunst &amp; Handwerk Kollektion"},"content":{"rendered":"","protected":false},"excerpt":{"rendered":"<p>Dieses raffinierte A5-Spiral-Notizbuch verbindet Stil mit Funktion und verf\u00fcgt \u00fcber einen glitzernden ros\u00e9goldenen Akzent auf dem Einband. Mit dem Wort \"NOTES\" in eleganten Buchstaben ist es perfekt f\u00fcr Studenten, Berufst\u00e4tige und alle, die schicke Schreibwaren lieben. Dieses Notizbuch ist ideal f\u00fcr Notizen, Journale oder Planungen und bringt einen Hauch von Glanz in Ihren Alltag. Langlebig und elegant, ist es das perfekte Accessoire f\u00fcr Arbeit, Schule oder Zuhause.<\/p>","protected":false},"featured_media":34212,"template":"","meta":[],"product_brand":[],"product_cat":[493,387],"product_tag":[],"class_list":{"0":"post-34210","1":"product","2":"type-product","3":"status-publish","4":"has-post-thumbnail","6":"product_cat-spiral-notebook","7":"product_cat-notebooks-journals","9":"first","10":"instock","11":"shipping-taxable","12":"product-type-simple"},"_links":{"self":[{"href":"http:\/\/shinyyoustationery.com\/de\/wp-json\/wp\/v2\/product\/34210","targetHints":{"allow":["GET"]}}],"collection":[{"href":"http:\/\/shinyyoustationery.com\/de\/wp-json\/wp\/v2\/product"}],"about":[{"href":"http:\/\/shinyyoustationery.com\/de\/wp-json\/wp\/v2\/types\/product"}],"version-history":[{"count":0,"href":"http:\/\/shinyyoustationery.com\/de\/wp-json\/wp\/v2\/product\/34210\/revisions"}],"wp:featuredmedia":[{"embeddable":true,"href":"http:\/\/shinyyoustationery.com\/de\/wp-json\/wp\/v2\/media\/34212"}],"wp:attachment":[{"href":"http:\/\/shinyyoustationery.com\/de\/wp-json\/wp\/v2\/media?parent=34210"}],"wp:term":[{"taxonomy":"product_brand","embeddable":true,"href":"http:\/\/shinyyoustationery.com\/de\/wp-json\/wp\/v2\/product_brand?post=34210"},{"taxonomy":"product_cat","embeddable":true,"href":"http:\/\/shinyyoustationery.com\/de\/wp-json\/wp\/v2\/product_cat?post=34210"},{"taxonomy":"product_tag","embeddable":true,"href":"http:\/\/shinyyoustationery.com\/de\/wp-json\/wp\/v2\/product_tag?post=34210"}],"curies":[{"name":"wp","href":"https:\/\/api.w.org\/{rel}","templated":true}]}}