{"id":34217,"date":"2025-07-01T14:12:19","date_gmt":"2025-07-01T06:12:19","guid":{"rendered":"http:\/\/45.63.70.205\/?post_type=product&#038;p=34217"},"modified":"2025-07-02T19:42:15","modified_gmt":"2025-07-02T11:42:15","slug":"12-color-felt-tip-pens-with-stamps-fun-creative-markers-for-kids-artists","status":"publish","type":"product","link":"http:\/\/shinyyoustationery.com\/de\/12-color-felt-tip-pens-with-stamps-fun-creative-markers-for-kids-artists\/","title":{"rendered":"12-farbige Filzstifte mit Stempeln - lustige und kreative Marker f\u00fcr Kinder und K\u00fcnstler"},"content":{"rendered":"","protected":false},"excerpt":{"rendered":"<p>Dieses Set mit 12 farbenfrohen Filzstiften wird mit integrierten Stempeln geliefert und bietet eine lustige M\u00f6glichkeit, bunte Designs und Muster zu erstellen. Mit einer gro\u00dfen Auswahl an Farben sind diese Stifte perfekt f\u00fcr Kinder, Kunststudenten und alle, die Spa\u00df an kreativen Projekten haben. Ideal zum Zeichnen, Ausmalen, Basteln und um Schularbeiten, Karten oder Dekorationen eine pers\u00f6nliche Note zu verleihen. Sowohl f\u00fcr den Unterricht als auch f\u00fcr die Freizeitgestaltung geeignet!<\/p>","protected":false},"featured_media":34219,"template":"","meta":[],"product_brand":[],"product_cat":[717,415,417,702],"product_tag":[],"class_list":{"0":"post-34217","1":"product","2":"type-product","3":"status-publish","4":"has-post-thumbnail","6":"product_cat-felt-tip-pens","7":"product_cat-pen","8":"product_cat-marker","9":"product_cat-arts-crafts-collection","11":"first","12":"instock","13":"shipping-taxable","14":"product-type-simple"},"_links":{"self":[{"href":"http:\/\/shinyyoustationery.com\/de\/wp-json\/wp\/v2\/product\/34217","targetHints":{"allow":["GET"]}}],"collection":[{"href":"http:\/\/shinyyoustationery.com\/de\/wp-json\/wp\/v2\/product"}],"about":[{"href":"http:\/\/shinyyoustationery.com\/de\/wp-json\/wp\/v2\/types\/product"}],"version-history":[{"count":0,"href":"http:\/\/shinyyoustationery.com\/de\/wp-json\/wp\/v2\/product\/34217\/revisions"}],"wp:featuredmedia":[{"embeddable":true,"href":"http:\/\/shinyyoustationery.com\/de\/wp-json\/wp\/v2\/media\/34219"}],"wp:attachment":[{"href":"http:\/\/shinyyoustationery.com\/de\/wp-json\/wp\/v2\/media?parent=34217"}],"wp:term":[{"taxonomy":"product_brand","embeddable":true,"href":"http:\/\/shinyyoustationery.com\/de\/wp-json\/wp\/v2\/product_brand?post=34217"},{"taxonomy":"product_cat","embeddable":true,"href":"http:\/\/shinyyoustationery.com\/de\/wp-json\/wp\/v2\/product_cat?post=34217"},{"taxonomy":"product_tag","embeddable":true,"href":"http:\/\/shinyyoustationery.com\/de\/wp-json\/wp\/v2\/product_tag?post=34217"}],"curies":[{"name":"wp","href":"https:\/\/api.w.org\/{rel}","templated":true}]}}