{"id":34225,"date":"2025-07-01T14:25:06","date_gmt":"2025-07-01T06:25:06","guid":{"rendered":"http:\/\/45.63.70.205\/?post_type=product&#038;p=34225"},"modified":"2025-07-01T14:25:06","modified_gmt":"2025-07-01T06:25:06","slug":"4-piece-glue-set-white-glue-glue-sticks-for-school-crafts-office","status":"publish","type":"product","link":"http:\/\/shinyyoustationery.com\/de\/4-piece-glue-set-white-glue-glue-sticks-for-school-crafts-office\/","title":{"rendered":"4-tlg. Klebeset - Wei\u00dfer Kleber &amp; Klebestifte f\u00fcr Schule, Handwerk &amp; B\u00fcro"},"content":{"rendered":"","protected":false},"excerpt":{"rendered":"<p>Dieses vielseitige 4-teilige Klebeset enth\u00e4lt eine 60-ml-Flasche mit Wei\u00dfleim und drei Klebestifte (je 9 g), die f\u00fcr eine Vielzahl von Anwendungen geeignet sind. Dieses Set ist ideal f\u00fcr Studenten, K\u00fcnstler und Bastler und eignet sich hervorragend f\u00fcr Schulprojekte, Bastelarbeiten und B\u00fcroarbeiten. Egal, ob Sie Fl\u00fcssig- oder Stick-Kleber ben\u00f6tigen, dieses Set bietet die Flexibilit\u00e4t, um alle Ihre Klebeanforderungen mit Leichtigkeit zu erf\u00fcllen.<\/p>","protected":false},"featured_media":34226,"template":"","meta":[],"product_brand":[],"product_cat":[502,506,507,702],"product_tag":[],"class_list":{"0":"post-34225","1":"product","2":"type-product","3":"status-publish","4":"has-post-thumbnail","6":"product_cat-glue-adhesive","7":"product_cat-glue-stick","8":"product_cat-liquid-glue","9":"product_cat-arts-crafts-collection","11":"first","12":"instock","13":"shipping-taxable","14":"product-type-simple"},"_links":{"self":[{"href":"http:\/\/shinyyoustationery.com\/de\/wp-json\/wp\/v2\/product\/34225","targetHints":{"allow":["GET"]}}],"collection":[{"href":"http:\/\/shinyyoustationery.com\/de\/wp-json\/wp\/v2\/product"}],"about":[{"href":"http:\/\/shinyyoustationery.com\/de\/wp-json\/wp\/v2\/types\/product"}],"version-history":[{"count":0,"href":"http:\/\/shinyyoustationery.com\/de\/wp-json\/wp\/v2\/product\/34225\/revisions"}],"wp:featuredmedia":[{"embeddable":true,"href":"http:\/\/shinyyoustationery.com\/de\/wp-json\/wp\/v2\/media\/34226"}],"wp:attachment":[{"href":"http:\/\/shinyyoustationery.com\/de\/wp-json\/wp\/v2\/media?parent=34225"}],"wp:term":[{"taxonomy":"product_brand","embeddable":true,"href":"http:\/\/shinyyoustationery.com\/de\/wp-json\/wp\/v2\/product_brand?post=34225"},{"taxonomy":"product_cat","embeddable":true,"href":"http:\/\/shinyyoustationery.com\/de\/wp-json\/wp\/v2\/product_cat?post=34225"},{"taxonomy":"product_tag","embeddable":true,"href":"http:\/\/shinyyoustationery.com\/de\/wp-json\/wp\/v2\/product_tag?post=34225"}],"curies":[{"name":"wp","href":"https:\/\/api.w.org\/{rel}","templated":true}]}}