{"id":34228,"date":"2025-07-01T14:42:32","date_gmt":"2025-07-01T06:42:32","guid":{"rendered":"http:\/\/45.63.70.205\/?post_type=product&#038;p=34228"},"modified":"2025-07-01T14:59:01","modified_gmt":"2025-07-01T06:59:01","slug":"lined-sticky-note-pads-bright-colored-notes-for-organization-and-quick-reminders","status":"publish","type":"product","link":"http:\/\/shinyyoustationery.com\/de\/lined-sticky-note-pads-bright-colored-notes-for-organization-and-quick-reminders\/","title":{"rendered":"Gef\u00fctterte Haftnotizbl\u00f6cke - Helle farbige Notizen f\u00fcr Organisation und schnelle Erinnerungen"},"content":{"rendered":"","protected":false},"excerpt":{"rendered":"<p>Diese leuchtenden, linierten Haftnotizbl\u00f6cke gibt es in vielen verschiedenen Farben, darunter gelb, rosa, blau, gr\u00fcn und mehr. Jeder Block enth\u00e4lt 90 Blatt, die sich perfekt f\u00fcr schnelle Notizen, Erinnerungen und Aufgabenlisten eignen. Das linierte Format sorgt f\u00fcr Ordnung und \u00dcbersichtlichkeit beim Schreiben. Ideal f\u00fcr Studenten, Berufst\u00e4tige und alle, die sich gerne mit bunten, klebrigen Erinnerungshilfen organisieren.<\/p>","protected":false},"featured_media":34232,"template":"","meta":[],"product_brand":[],"product_cat":[380,385,702],"product_tag":[],"class_list":{"0":"post-34228","1":"product","2":"type-product","3":"status-publish","4":"has-post-thumbnail","6":"product_cat-school-stationery","7":"product_cat-sticky-note","8":"product_cat-arts-crafts-collection","10":"first","11":"instock","12":"shipping-taxable","13":"product-type-simple"},"_links":{"self":[{"href":"http:\/\/shinyyoustationery.com\/de\/wp-json\/wp\/v2\/product\/34228","targetHints":{"allow":["GET"]}}],"collection":[{"href":"http:\/\/shinyyoustationery.com\/de\/wp-json\/wp\/v2\/product"}],"about":[{"href":"http:\/\/shinyyoustationery.com\/de\/wp-json\/wp\/v2\/types\/product"}],"version-history":[{"count":0,"href":"http:\/\/shinyyoustationery.com\/de\/wp-json\/wp\/v2\/product\/34228\/revisions"}],"wp:featuredmedia":[{"embeddable":true,"href":"http:\/\/shinyyoustationery.com\/de\/wp-json\/wp\/v2\/media\/34232"}],"wp:attachment":[{"href":"http:\/\/shinyyoustationery.com\/de\/wp-json\/wp\/v2\/media?parent=34228"}],"wp:term":[{"taxonomy":"product_brand","embeddable":true,"href":"http:\/\/shinyyoustationery.com\/de\/wp-json\/wp\/v2\/product_brand?post=34228"},{"taxonomy":"product_cat","embeddable":true,"href":"http:\/\/shinyyoustationery.com\/de\/wp-json\/wp\/v2\/product_cat?post=34228"},{"taxonomy":"product_tag","embeddable":true,"href":"http:\/\/shinyyoustationery.com\/de\/wp-json\/wp\/v2\/product_tag?post=34228"}],"curies":[{"name":"wp","href":"https:\/\/api.w.org\/{rel}","templated":true}]}}