{"id":34237,"date":"2025-07-01T15:02:45","date_gmt":"2025-07-01T07:02:45","guid":{"rendered":"http:\/\/45.63.70.205\/?post_type=product&#038;p=34237"},"modified":"2025-07-07T15:23:49","modified_gmt":"2025-07-07T07:23:49","slug":"cute-panda-themed-coin-bank-fun-savings-bank-for-kids","status":"publish","type":"product","link":"http:\/\/shinyyoustationery.com\/de\/cute-panda-themed-coin-bank-fun-savings-bank-for-kids\/","title":{"rendered":"Niedliche M\u00fcnzbank mit Panda-Motiv - lustige Sparbank f\u00fcr Kinder"},"content":{"rendered":"","protected":false},"excerpt":{"rendered":"<p>Diese bezaubernde M\u00fcnzbank mit Panda-Motiv ist perfekt, um Kindern das Sparen beizubringen. Das verspielte Design mit Pandas, die Schlittschuh laufen, und Sternen verleiht jedem Zimmer einen lustigen Touch. Diese M\u00fcnzbank ist ideal f\u00fcr Kinder und f\u00f6rdert das Sparen auf spielerische Weise. Der leicht zu bedienende Schlitz macht es einfach, M\u00fcnzen einzuwerfen, und macht sie zu einer gro\u00dfartigen Erg\u00e4nzung f\u00fcr jedes Kinderzimmer oder jeden Spielbereich.<\/p>","protected":false},"featured_media":34239,"template":"","meta":[],"product_brand":[],"product_cat":[702,477,716],"product_tag":[],"class_list":{"0":"post-34237","1":"product","2":"type-product","3":"status-publish","4":"has-post-thumbnail","6":"product_cat-arts-crafts-collection","7":"product_cat-school-bags","8":"product_cat-coin-purse","10":"first","11":"instock","12":"shipping-taxable","13":"product-type-simple"},"_links":{"self":[{"href":"http:\/\/shinyyoustationery.com\/de\/wp-json\/wp\/v2\/product\/34237","targetHints":{"allow":["GET"]}}],"collection":[{"href":"http:\/\/shinyyoustationery.com\/de\/wp-json\/wp\/v2\/product"}],"about":[{"href":"http:\/\/shinyyoustationery.com\/de\/wp-json\/wp\/v2\/types\/product"}],"version-history":[{"count":0,"href":"http:\/\/shinyyoustationery.com\/de\/wp-json\/wp\/v2\/product\/34237\/revisions"}],"wp:featuredmedia":[{"embeddable":true,"href":"http:\/\/shinyyoustationery.com\/de\/wp-json\/wp\/v2\/media\/34239"}],"wp:attachment":[{"href":"http:\/\/shinyyoustationery.com\/de\/wp-json\/wp\/v2\/media?parent=34237"}],"wp:term":[{"taxonomy":"product_brand","embeddable":true,"href":"http:\/\/shinyyoustationery.com\/de\/wp-json\/wp\/v2\/product_brand?post=34237"},{"taxonomy":"product_cat","embeddable":true,"href":"http:\/\/shinyyoustationery.com\/de\/wp-json\/wp\/v2\/product_cat?post=34237"},{"taxonomy":"product_tag","embeddable":true,"href":"http:\/\/shinyyoustationery.com\/de\/wp-json\/wp\/v2\/product_tag?post=34237"}],"curies":[{"name":"wp","href":"https:\/\/api.w.org\/{rel}","templated":true}]}}