{"id":34243,"date":"2025-07-01T15:07:06","date_gmt":"2025-07-01T07:07:06","guid":{"rendered":"http:\/\/45.63.70.205\/?post_type=product&#038;p=34243"},"modified":"2025-07-07T15:24:09","modified_gmt":"2025-07-07T07:24:09","slug":"unicorn-themed-coin-bank-fun-savings-bank-for-kids","status":"publish","type":"product","link":"http:\/\/shinyyoustationery.com\/de\/unicorn-themed-coin-bank-fun-savings-bank-for-kids\/","title":{"rendered":"M\u00fcnzbank mit Einhornmotiv - lustige Spardose f\u00fcr Kinder"},"content":{"rendered":"","protected":false},"excerpt":{"rendered":"<p>Diese bezaubernde M\u00fcnzbank mit Einhornmotiv zeigt ein farbenfrohes Design mit verspielten Einh\u00f6rnern und Sternen auf einem rosa Hintergrund. Sie ist perfekt f\u00fcr kleine Kinder und f\u00f6rdert das Sparen auf spielerische und fantasievolle Weise. Dank des leicht zu bedienenden Schlitzes k\u00f6nnen Kinder ihre M\u00fcnzen ganz einfach einwerfen, was sie zu einer reizvollen Erg\u00e4nzung f\u00fcr jedes Zimmer oder jeden Spielbereich macht. Ideal, um Kindern den Wert des Sparens zu vermitteln und gleichzeitig einen magischen Touch in ihren Raum zu bringen.<\/p>","protected":false},"featured_media":34245,"template":"","meta":[],"product_brand":[],"product_cat":[702,477,716],"product_tag":[],"class_list":{"0":"post-34243","1":"product","2":"type-product","3":"status-publish","4":"has-post-thumbnail","6":"product_cat-arts-crafts-collection","7":"product_cat-school-bags","8":"product_cat-coin-purse","10":"first","11":"instock","12":"shipping-taxable","13":"product-type-simple"},"_links":{"self":[{"href":"http:\/\/shinyyoustationery.com\/de\/wp-json\/wp\/v2\/product\/34243","targetHints":{"allow":["GET"]}}],"collection":[{"href":"http:\/\/shinyyoustationery.com\/de\/wp-json\/wp\/v2\/product"}],"about":[{"href":"http:\/\/shinyyoustationery.com\/de\/wp-json\/wp\/v2\/types\/product"}],"version-history":[{"count":0,"href":"http:\/\/shinyyoustationery.com\/de\/wp-json\/wp\/v2\/product\/34243\/revisions"}],"wp:featuredmedia":[{"embeddable":true,"href":"http:\/\/shinyyoustationery.com\/de\/wp-json\/wp\/v2\/media\/34245"}],"wp:attachment":[{"href":"http:\/\/shinyyoustationery.com\/de\/wp-json\/wp\/v2\/media?parent=34243"}],"wp:term":[{"taxonomy":"product_brand","embeddable":true,"href":"http:\/\/shinyyoustationery.com\/de\/wp-json\/wp\/v2\/product_brand?post=34243"},{"taxonomy":"product_cat","embeddable":true,"href":"http:\/\/shinyyoustationery.com\/de\/wp-json\/wp\/v2\/product_cat?post=34243"},{"taxonomy":"product_tag","embeddable":true,"href":"http:\/\/shinyyoustationery.com\/de\/wp-json\/wp\/v2\/product_tag?post=34243"}],"curies":[{"name":"wp","href":"https:\/\/api.w.org\/{rel}","templated":true}]}}