{"id":34261,"date":"2025-07-01T15:33:10","date_gmt":"2025-07-01T07:33:10","guid":{"rendered":"http:\/\/45.63.70.205\/?post_type=product&#038;p=34261"},"modified":"2025-07-01T15:33:11","modified_gmt":"2025-07-01T07:33:11","slug":"art-craft-glue-and-glitter-set-creative-supplies-for-kids-artists","status":"publish","type":"product","link":"http:\/\/shinyyoustationery.com\/de\/art-craft-glue-and-glitter-set-creative-supplies-for-kids-artists\/","title":{"rendered":"Klebe- und Glitter-Set f\u00fcr Kunst und Handwerk - Kreativzubeh\u00f6r f\u00fcr Kinder und K\u00fcnstler"},"content":{"rendered":"","protected":false},"excerpt":{"rendered":"<p>Wecken Sie die Kreativit\u00e4t mit diesem lustigen Kunst- und Bastelset, das leuchtende Glitzertuben, eine Flasche Wei\u00dfleim und Klebestifte enth\u00e4lt. Dieses Set eignet sich perfekt f\u00fcr Kinder und Bastelfreunde, denn damit lassen sich atemberaubende Kunstprojekte, Dekorationen und Bastelarbeiten erstellen. Es enth\u00e4lt auch dekorative Pailletten und einen Spatel zum einfachen Auftragen. Dieses Set ist ideal f\u00fcr die Schule, f\u00fcr zu Hause oder f\u00fcr Bastelpartys, um fantasievolle Designs zum Leben zu erwecken.<\/p>","protected":false},"featured_media":34262,"template":"","meta":[],"product_brand":[],"product_cat":[331,502,506,507,702],"product_tag":[],"class_list":{"0":"post-34261","1":"product","2":"type-product","3":"status-publish","4":"has-post-thumbnail","6":"product_cat-stationery-set","7":"product_cat-glue-adhesive","8":"product_cat-glue-stick","9":"product_cat-liquid-glue","10":"product_cat-arts-crafts-collection","12":"first","13":"instock","14":"shipping-taxable","15":"product-type-simple"},"_links":{"self":[{"href":"http:\/\/shinyyoustationery.com\/de\/wp-json\/wp\/v2\/product\/34261","targetHints":{"allow":["GET"]}}],"collection":[{"href":"http:\/\/shinyyoustationery.com\/de\/wp-json\/wp\/v2\/product"}],"about":[{"href":"http:\/\/shinyyoustationery.com\/de\/wp-json\/wp\/v2\/types\/product"}],"version-history":[{"count":0,"href":"http:\/\/shinyyoustationery.com\/de\/wp-json\/wp\/v2\/product\/34261\/revisions"}],"wp:featuredmedia":[{"embeddable":true,"href":"http:\/\/shinyyoustationery.com\/de\/wp-json\/wp\/v2\/media\/34262"}],"wp:attachment":[{"href":"http:\/\/shinyyoustationery.com\/de\/wp-json\/wp\/v2\/media?parent=34261"}],"wp:term":[{"taxonomy":"product_brand","embeddable":true,"href":"http:\/\/shinyyoustationery.com\/de\/wp-json\/wp\/v2\/product_brand?post=34261"},{"taxonomy":"product_cat","embeddable":true,"href":"http:\/\/shinyyoustationery.com\/de\/wp-json\/wp\/v2\/product_cat?post=34261"},{"taxonomy":"product_tag","embeddable":true,"href":"http:\/\/shinyyoustationery.com\/de\/wp-json\/wp\/v2\/product_tag?post=34261"}],"curies":[{"name":"wp","href":"https:\/\/api.w.org\/{rel}","templated":true}]}}