{"id":34264,"date":"2025-07-01T16:12:04","date_gmt":"2025-07-01T08:12:04","guid":{"rendered":"http:\/\/45.63.70.205\/?post_type=product&#038;p=34264"},"modified":"2025-07-01T16:18:10","modified_gmt":"2025-07-01T08:18:10","slug":"colour-your-own-fashion-bag-fun-creative-diy-kit-for-kids","status":"publish","type":"product","link":"http:\/\/shinyyoustationery.com\/de\/colour-your-own-fashion-bag-fun-creative-diy-kit-for-kids\/","title":{"rendered":"F\u00e4rbe deine eigene Modetasche - lustiges und kreatives DIY-Set f\u00fcr Kinder"},"content":{"rendered":"","protected":false},"excerpt":{"rendered":"<p>Lassen Sie der Kreativit\u00e4t Ihres Kindes freien Lauf mit dem Bastelset \"Colour Your Own Fashion Bag\"! Das Set mit dem lustigen Dinosaurier-Motiv enth\u00e4lt eine wei\u00dfe Leinentasche und bunte Marker, mit denen die Kinder ihren eigenen einzigartigen Stil kreieren k\u00f6nnen. Dieses Set eignet sich ideal f\u00fcr Schulprojekte, Bastelarbeiten oder als pers\u00f6nliches Geschenk f\u00fcr junge K\u00fcnstler, die ihren Accessoires gerne eine pers\u00f6nliche Note verleihen. Perfekt f\u00fcr Geburtstage, Schule oder Bastelspa\u00df zu Hause!<\/p>","protected":false},"featured_media":34266,"template":"","meta":[],"product_brand":[],"product_cat":[404,702],"product_tag":[],"class_list":{"0":"post-34264","1":"product","2":"type-product","3":"status-publish","4":"has-post-thumbnail","6":"product_cat-bags-cases","7":"product_cat-arts-crafts-collection","9":"first","10":"instock","11":"shipping-taxable","12":"product-type-simple"},"_links":{"self":[{"href":"http:\/\/shinyyoustationery.com\/de\/wp-json\/wp\/v2\/product\/34264","targetHints":{"allow":["GET"]}}],"collection":[{"href":"http:\/\/shinyyoustationery.com\/de\/wp-json\/wp\/v2\/product"}],"about":[{"href":"http:\/\/shinyyoustationery.com\/de\/wp-json\/wp\/v2\/types\/product"}],"version-history":[{"count":0,"href":"http:\/\/shinyyoustationery.com\/de\/wp-json\/wp\/v2\/product\/34264\/revisions"}],"wp:featuredmedia":[{"embeddable":true,"href":"http:\/\/shinyyoustationery.com\/de\/wp-json\/wp\/v2\/media\/34266"}],"wp:attachment":[{"href":"http:\/\/shinyyoustationery.com\/de\/wp-json\/wp\/v2\/media?parent=34264"}],"wp:term":[{"taxonomy":"product_brand","embeddable":true,"href":"http:\/\/shinyyoustationery.com\/de\/wp-json\/wp\/v2\/product_brand?post=34264"},{"taxonomy":"product_cat","embeddable":true,"href":"http:\/\/shinyyoustationery.com\/de\/wp-json\/wp\/v2\/product_cat?post=34264"},{"taxonomy":"product_tag","embeddable":true,"href":"http:\/\/shinyyoustationery.com\/de\/wp-json\/wp\/v2\/product_tag?post=34264"}],"curies":[{"name":"wp","href":"https:\/\/api.w.org\/{rel}","templated":true}]}}