{"id":34269,"date":"2025-07-01T16:26:30","date_gmt":"2025-07-01T08:26:30","guid":{"rendered":"http:\/\/45.63.70.205\/?post_type=product&#038;p=34269"},"modified":"2025-07-01T16:26:30","modified_gmt":"2025-07-01T08:26:30","slug":"water-paint-set-for-kids-vibrant-underwater-theme-with-6-pages-and-brush","status":"publish","type":"product","link":"http:\/\/shinyyoustationery.com\/de\/water-paint-set-for-kids-vibrant-underwater-theme-with-6-pages-and-brush\/","title":{"rendered":"Wasserfarben-Set f\u00fcr Kinder - Lebendiges Unterwasser-Thema mit 6 Seiten und Pinsel"},"content":{"rendered":"","protected":false},"excerpt":{"rendered":"<p>Dieses farbenfrohe Wasserfarben-Set ist f\u00fcr Kinder ab 3 Jahren gedacht und bietet 6 lustige Unterwasser-Themenseiten zum Malen. Das Set enth\u00e4lt einfach zu verwendende Farben und einen Pinsel, die perfekt geeignet sind, um Kreativit\u00e4t und k\u00fcnstlerischen Ausdruck zu f\u00f6rdern. F\u00fcgen Sie einfach Wasser hinzu, um die leuchtenden Farben zu aktivieren und jedes vom Meer inspirierte Bild zum Leben zu erwecken. Eine gro\u00dfartige Besch\u00e4ftigung f\u00fcr junge K\u00fcnstler zu Hause, in der Schule oder w\u00e4hrend der Bastelzeit!<\/p>","protected":false},"featured_media":34271,"template":"","meta":[],"product_brand":[],"product_cat":[702,331,505],"product_tag":[],"class_list":{"0":"post-34269","1":"product","2":"type-product","3":"status-publish","4":"has-post-thumbnail","6":"product_cat-arts-crafts-collection","7":"product_cat-stationery-set","8":"product_cat-watercolor-paint","10":"first","11":"instock","12":"shipping-taxable","13":"product-type-simple"},"_links":{"self":[{"href":"http:\/\/shinyyoustationery.com\/de\/wp-json\/wp\/v2\/product\/34269","targetHints":{"allow":["GET"]}}],"collection":[{"href":"http:\/\/shinyyoustationery.com\/de\/wp-json\/wp\/v2\/product"}],"about":[{"href":"http:\/\/shinyyoustationery.com\/de\/wp-json\/wp\/v2\/types\/product"}],"version-history":[{"count":0,"href":"http:\/\/shinyyoustationery.com\/de\/wp-json\/wp\/v2\/product\/34269\/revisions"}],"wp:featuredmedia":[{"embeddable":true,"href":"http:\/\/shinyyoustationery.com\/de\/wp-json\/wp\/v2\/media\/34271"}],"wp:attachment":[{"href":"http:\/\/shinyyoustationery.com\/de\/wp-json\/wp\/v2\/media?parent=34269"}],"wp:term":[{"taxonomy":"product_brand","embeddable":true,"href":"http:\/\/shinyyoustationery.com\/de\/wp-json\/wp\/v2\/product_brand?post=34269"},{"taxonomy":"product_cat","embeddable":true,"href":"http:\/\/shinyyoustationery.com\/de\/wp-json\/wp\/v2\/product_cat?post=34269"},{"taxonomy":"product_tag","embeddable":true,"href":"http:\/\/shinyyoustationery.com\/de\/wp-json\/wp\/v2\/product_tag?post=34269"}],"curies":[{"name":"wp","href":"https:\/\/api.w.org\/{rel}","templated":true}]}}