{"id":34274,"date":"2025-07-01T16:41:21","date_gmt":"2025-07-01T08:41:21","guid":{"rendered":"http:\/\/45.63.70.205\/?post_type=product&#038;p=34274"},"modified":"2025-07-01T16:41:21","modified_gmt":"2025-07-01T08:41:21","slug":"mini-whiteboard-set-for-kids-classroom","status":"publish","type":"product","link":"http:\/\/shinyyoustationery.com\/de\/mini-whiteboard-set-for-kids-classroom\/","title":{"rendered":"Mini-Whiteboard-Set f\u00fcr Kinder &amp; Klassenzimmer"},"content":{"rendered":"","protected":false},"excerpt":{"rendered":"<p>Dieses farbenfrohe Whiteboard-Set mit bunten Rahmen (erh\u00e4ltlich in den Farben Blau, Gr\u00fcn, Lila und Rot) eignet sich perfekt f\u00fcr Kinder, Klassenr\u00e4ume und Bildungseinrichtungen. Jedes Set enth\u00e4lt ein Whiteboard und einen Marker und eignet sich hervorragend f\u00fcr Notizen, Brainstorming oder kreative Aktivit\u00e4ten. Der robuste Rahmen und die leicht zu reinigende Oberfl\u00e4che sorgen f\u00fcr Spa\u00df und Funktionalit\u00e4t und sind ideal f\u00fcr Sch\u00fcler, Lehrer oder den Gebrauch zu Hause.<\/p>","protected":false},"featured_media":34275,"template":"","meta":[],"product_brand":[],"product_cat":[454,702],"product_tag":[],"class_list":{"0":"post-34274","1":"product","2":"type-product","3":"status-publish","4":"has-post-thumbnail","6":"product_cat-whiteboard","7":"product_cat-arts-crafts-collection","9":"first","10":"instock","11":"shipping-taxable","12":"product-type-simple"},"_links":{"self":[{"href":"http:\/\/shinyyoustationery.com\/de\/wp-json\/wp\/v2\/product\/34274","targetHints":{"allow":["GET"]}}],"collection":[{"href":"http:\/\/shinyyoustationery.com\/de\/wp-json\/wp\/v2\/product"}],"about":[{"href":"http:\/\/shinyyoustationery.com\/de\/wp-json\/wp\/v2\/types\/product"}],"version-history":[{"count":0,"href":"http:\/\/shinyyoustationery.com\/de\/wp-json\/wp\/v2\/product\/34274\/revisions"}],"wp:featuredmedia":[{"embeddable":true,"href":"http:\/\/shinyyoustationery.com\/de\/wp-json\/wp\/v2\/media\/34275"}],"wp:attachment":[{"href":"http:\/\/shinyyoustationery.com\/de\/wp-json\/wp\/v2\/media?parent=34274"}],"wp:term":[{"taxonomy":"product_brand","embeddable":true,"href":"http:\/\/shinyyoustationery.com\/de\/wp-json\/wp\/v2\/product_brand?post=34274"},{"taxonomy":"product_cat","embeddable":true,"href":"http:\/\/shinyyoustationery.com\/de\/wp-json\/wp\/v2\/product_cat?post=34274"},{"taxonomy":"product_tag","embeddable":true,"href":"http:\/\/shinyyoustationery.com\/de\/wp-json\/wp\/v2\/product_tag?post=34274"}],"curies":[{"name":"wp","href":"https:\/\/api.w.org\/{rel}","templated":true}]}}