{"id":34280,"date":"2025-07-01T16:46:30","date_gmt":"2025-07-01T08:46:30","guid":{"rendered":"http:\/\/45.63.70.205\/?post_type=product&#038;p=34280"},"modified":"2025-07-07T15:32:58","modified_gmt":"2025-07-07T07:32:58","slug":"sloth-themed-self-coloring-tote-bag-with-markers-creative-diy-kit-for-kids","status":"publish","type":"product","link":"http:\/\/shinyyoustationery.com\/de\/sloth-themed-self-coloring-tote-bag-with-markers-creative-diy-kit-for-kids\/","title":{"rendered":"Selbstf\u00e4rbende Tragetasche mit Markern zum Thema Faultier - kreatives DIY-Set f\u00fcr Kinder"},"content":{"rendered":"","protected":false},"excerpt":{"rendered":"<p>Diese lustige \"Selbstf\u00e4rbende Tragetasche\" ist mit einem Faultiermotiv versehen, das die Kinder mit den 5 beiliegenden bunten Markern zum Leben erwecken k\u00f6nnen. Dieses Bastelset ist perfekt f\u00fcr Kinder, die gerne basteln und ihre Accessoires individuell gestalten. Es f\u00f6rdert die Kreativit\u00e4t und ist ideal f\u00fcr Schulprojekte, Geschenke oder Freizeitaktivit\u00e4ten. Die Tasche selbst besteht aus strapazierf\u00e4higem Segeltuch und ist nach dem Verzieren perfekt f\u00fcr den t\u00e4glichen Gebrauch geeignet. Ideal f\u00fcr junge K\u00fcnstler, die ihren Accessoires eine pers\u00f6nliche Note verleihen wollen!<\/p>","protected":false},"featured_media":34281,"template":"","meta":[],"product_brand":[],"product_cat":[705,535,702],"product_tag":[],"class_list":{"0":"post-34280","1":"product","2":"type-product","3":"status-publish","4":"has-post-thumbnail","6":"product_cat-tote-bag","7":"product_cat-storage-bag","8":"product_cat-arts-crafts-collection","10":"first","11":"instock","12":"shipping-taxable","13":"product-type-simple"},"_links":{"self":[{"href":"http:\/\/shinyyoustationery.com\/de\/wp-json\/wp\/v2\/product\/34280","targetHints":{"allow":["GET"]}}],"collection":[{"href":"http:\/\/shinyyoustationery.com\/de\/wp-json\/wp\/v2\/product"}],"about":[{"href":"http:\/\/shinyyoustationery.com\/de\/wp-json\/wp\/v2\/types\/product"}],"version-history":[{"count":0,"href":"http:\/\/shinyyoustationery.com\/de\/wp-json\/wp\/v2\/product\/34280\/revisions"}],"wp:featuredmedia":[{"embeddable":true,"href":"http:\/\/shinyyoustationery.com\/de\/wp-json\/wp\/v2\/media\/34281"}],"wp:attachment":[{"href":"http:\/\/shinyyoustationery.com\/de\/wp-json\/wp\/v2\/media?parent=34280"}],"wp:term":[{"taxonomy":"product_brand","embeddable":true,"href":"http:\/\/shinyyoustationery.com\/de\/wp-json\/wp\/v2\/product_brand?post=34280"},{"taxonomy":"product_cat","embeddable":true,"href":"http:\/\/shinyyoustationery.com\/de\/wp-json\/wp\/v2\/product_cat?post=34280"},{"taxonomy":"product_tag","embeddable":true,"href":"http:\/\/shinyyoustationery.com\/de\/wp-json\/wp\/v2\/product_tag?post=34280"}],"curies":[{"name":"wp","href":"https:\/\/api.w.org\/{rel}","templated":true}]}}