{"id":34286,"date":"2025-07-01T16:55:43","date_gmt":"2025-07-01T08:55:43","guid":{"rendered":"http:\/\/45.63.70.205\/?post_type=product&#038;p=34286"},"modified":"2025-07-02T19:57:07","modified_gmt":"2025-07-02T11:57:07","slug":"blue-portable-mini-chalkboard-set-perfect-for-kids-learning-drawing-at-home-or-school","status":"publish","type":"product","link":"http:\/\/shinyyoustationery.com\/de\/blue-portable-mini-chalkboard-set-perfect-for-kids-learning-drawing-at-home-or-school\/","title":{"rendered":"Blaues, tragbares Mini-Kreidetafel-Set - perfekt f\u00fcr das Lernen und Zeichnen von Kindern zu Hause oder in der Schule"},"content":{"rendered":"","protected":false},"excerpt":{"rendered":"<p>Dieses kompakte Minikreide-Set mit blauem Rahmen ist ideal f\u00fcr junge Lernende und angehende K\u00fcnstler. Es enth\u00e4lt bunte Kreiden und einen kleinen Radiergummi und eignet sich perfekt f\u00fcr Schreib- und Zeichen\u00fcbungen oder Lernspiele. Es ist leicht und einfach zu transportieren und eignet sich hervorragend f\u00fcr den Einsatz zu Hause, im Klassenzimmer oder auf Reisen. Ein lustiges und wiederverwendbares Werkzeug f\u00fcr die Kreativit\u00e4t der Kinder und die Fr\u00fcherziehung.<\/p>","protected":false},"featured_media":34287,"template":"","meta":[],"product_brand":[],"product_cat":[454,474,702],"product_tag":[],"class_list":{"0":"post-34286","1":"product","2":"type-product","3":"status-publish","4":"has-post-thumbnail","6":"product_cat-whiteboard","7":"product_cat-kids-stationery","8":"product_cat-arts-crafts-collection","10":"first","11":"instock","12":"shipping-taxable","13":"product-type-simple"},"_links":{"self":[{"href":"http:\/\/shinyyoustationery.com\/de\/wp-json\/wp\/v2\/product\/34286","targetHints":{"allow":["GET"]}}],"collection":[{"href":"http:\/\/shinyyoustationery.com\/de\/wp-json\/wp\/v2\/product"}],"about":[{"href":"http:\/\/shinyyoustationery.com\/de\/wp-json\/wp\/v2\/types\/product"}],"version-history":[{"count":0,"href":"http:\/\/shinyyoustationery.com\/de\/wp-json\/wp\/v2\/product\/34286\/revisions"}],"wp:featuredmedia":[{"embeddable":true,"href":"http:\/\/shinyyoustationery.com\/de\/wp-json\/wp\/v2\/media\/34287"}],"wp:attachment":[{"href":"http:\/\/shinyyoustationery.com\/de\/wp-json\/wp\/v2\/media?parent=34286"}],"wp:term":[{"taxonomy":"product_brand","embeddable":true,"href":"http:\/\/shinyyoustationery.com\/de\/wp-json\/wp\/v2\/product_brand?post=34286"},{"taxonomy":"product_cat","embeddable":true,"href":"http:\/\/shinyyoustationery.com\/de\/wp-json\/wp\/v2\/product_cat?post=34286"},{"taxonomy":"product_tag","embeddable":true,"href":"http:\/\/shinyyoustationery.com\/de\/wp-json\/wp\/v2\/product_tag?post=34286"}],"curies":[{"name":"wp","href":"https:\/\/api.w.org\/{rel}","templated":true}]}}