{"id":34796,"date":"2025-07-07T16:33:59","date_gmt":"2025-07-07T08:33:59","guid":{"rendered":"http:\/\/45.63.70.205\/?post_type=product&#038;p=34796"},"modified":"2025-07-07T16:33:59","modified_gmt":"2025-07-07T08:33:59","slug":"gel-ink-pens-for-school-office","status":"publish","type":"product","link":"http:\/\/shinyyoustationery.com\/de\/gel-ink-pens-for-school-office\/","title":{"rendered":"Gel-Tintenstifte f\u00fcr Schule und B\u00fcro"},"content":{"rendered":"","protected":false},"excerpt":{"rendered":"<p>Mit den leuchtenden Gel-Tintenschreibern von Shiny You bringen Sie Farbe in Ihr Schreiben. Egal, ob Sie als Student Notizen machen, als Berufst\u00e4tiger Ideen notieren oder als K\u00fcnstler Ihr n\u00e4chstes Meisterwerk skizzieren - diese Stifte bieten ein fl\u00fcssiges Schriftbild und eine Vielzahl von atemberaubenden Farben, die zu Ihrem Stil und Ihren Bed\u00fcrfnissen passen. Die Shiny You-Stifte eignen sich perfekt f\u00fcr den t\u00e4glichen Gebrauch, kreative Projekte und B\u00fcroumgebungen und machen jeden Strich zu einem Vergn\u00fcgen.<\/p>","protected":false},"featured_media":34784,"template":"","meta":[],"product_brand":[],"product_cat":[491,410,415],"product_tag":[],"class_list":{"0":"post-34796","1":"product","2":"type-product","3":"status-publish","4":"has-post-thumbnail","6":"product_cat-gel-pen","7":"product_cat-writing-instruments","8":"product_cat-pen","10":"first","11":"instock","12":"shipping-taxable","13":"product-type-simple"},"_links":{"self":[{"href":"http:\/\/shinyyoustationery.com\/de\/wp-json\/wp\/v2\/product\/34796","targetHints":{"allow":["GET"]}}],"collection":[{"href":"http:\/\/shinyyoustationery.com\/de\/wp-json\/wp\/v2\/product"}],"about":[{"href":"http:\/\/shinyyoustationery.com\/de\/wp-json\/wp\/v2\/types\/product"}],"version-history":[{"count":0,"href":"http:\/\/shinyyoustationery.com\/de\/wp-json\/wp\/v2\/product\/34796\/revisions"}],"wp:featuredmedia":[{"embeddable":true,"href":"http:\/\/shinyyoustationery.com\/de\/wp-json\/wp\/v2\/media\/34784"}],"wp:attachment":[{"href":"http:\/\/shinyyoustationery.com\/de\/wp-json\/wp\/v2\/media?parent=34796"}],"wp:term":[{"taxonomy":"product_brand","embeddable":true,"href":"http:\/\/shinyyoustationery.com\/de\/wp-json\/wp\/v2\/product_brand?post=34796"},{"taxonomy":"product_cat","embeddable":true,"href":"http:\/\/shinyyoustationery.com\/de\/wp-json\/wp\/v2\/product_cat?post=34796"},{"taxonomy":"product_tag","embeddable":true,"href":"http:\/\/shinyyoustationery.com\/de\/wp-json\/wp\/v2\/product_tag?post=34796"}],"curies":[{"name":"wp","href":"https:\/\/api.w.org\/{rel}","templated":true}]}}