{"id":34801,"date":"2025-07-07T17:15:15","date_gmt":"2025-07-07T09:15:15","guid":{"rendered":"http:\/\/45.63.70.205\/?post_type=product&#038;p=34801"},"modified":"2025-07-07T17:49:09","modified_gmt":"2025-07-07T09:49:09","slug":"bright-pink-30cm-flexible-ruler-ideal-for-girls","status":"publish","type":"product","link":"http:\/\/shinyyoustationery.com\/de\/bright-pink-30cm-flexible-ruler-ideal-for-girls\/","title":{"rendered":"Hellrosa 30CM flexibles Lineal - Ideal f\u00fcr M\u00e4dchen"},"content":{"rendered":"","protected":false},"excerpt":{"rendered":"<p>Mit dem flexiblen Lineal Shiny You 30CM bringen Sie Farbe und Funktionalit\u00e4t in Ihre Schreibwarensammlung. Das aus strapazierf\u00e4higem, biegsamem Material gefertigte, leuchtend pinke Lineal ist perfekt f\u00fcr M\u00e4dchen, die sowohl Stil als auch Funktion lieben. Es ist leicht und bruchsicher und eignet sich hervorragend f\u00fcr die Schule, zum Basteln und f\u00fcr den t\u00e4glichen Gebrauch.<\/p>","protected":false},"featured_media":34803,"template":"","meta":[],"product_brand":[],"product_cat":[475,397,424],"product_tag":[],"class_list":{"0":"post-34801","1":"product","2":"type-product","3":"status-publish","4":"has-post-thumbnail","6":"product_cat-rulers-measuring-tools","7":"product_cat-basic-office-stationery","8":"product_cat-straight-ruler","10":"first","11":"instock","12":"shipping-taxable","13":"product-type-simple"},"_links":{"self":[{"href":"http:\/\/shinyyoustationery.com\/de\/wp-json\/wp\/v2\/product\/34801","targetHints":{"allow":["GET"]}}],"collection":[{"href":"http:\/\/shinyyoustationery.com\/de\/wp-json\/wp\/v2\/product"}],"about":[{"href":"http:\/\/shinyyoustationery.com\/de\/wp-json\/wp\/v2\/types\/product"}],"version-history":[{"count":0,"href":"http:\/\/shinyyoustationery.com\/de\/wp-json\/wp\/v2\/product\/34801\/revisions"}],"wp:featuredmedia":[{"embeddable":true,"href":"http:\/\/shinyyoustationery.com\/de\/wp-json\/wp\/v2\/media\/34803"}],"wp:attachment":[{"href":"http:\/\/shinyyoustationery.com\/de\/wp-json\/wp\/v2\/media?parent=34801"}],"wp:term":[{"taxonomy":"product_brand","embeddable":true,"href":"http:\/\/shinyyoustationery.com\/de\/wp-json\/wp\/v2\/product_brand?post=34801"},{"taxonomy":"product_cat","embeddable":true,"href":"http:\/\/shinyyoustationery.com\/de\/wp-json\/wp\/v2\/product_cat?post=34801"},{"taxonomy":"product_tag","embeddable":true,"href":"http:\/\/shinyyoustationery.com\/de\/wp-json\/wp\/v2\/product_tag?post=34801"}],"curies":[{"name":"wp","href":"https:\/\/api.w.org\/{rel}","templated":true}]}}