{"id":34831,"date":"2025-07-07T19:44:49","date_gmt":"2025-07-07T11:44:49","guid":{"rendered":"http:\/\/45.63.70.205\/?post_type=product&#038;p=34831"},"modified":"2025-07-07T19:51:23","modified_gmt":"2025-07-07T11:51:23","slug":"custom-coloured-embossed-effect-invitation-envelope-perfect-for-weddings-events-and-gifts","status":"publish","type":"product","link":"http:\/\/shinyyoustationery.com\/de\/custom-coloured-embossed-effect-invitation-envelope-perfect-for-weddings-events-and-gifts\/","title":{"rendered":"Individueller farbiger Umschlag mit Pr\u00e4geeffekt f\u00fcr Einladungen - perfekt f\u00fcr Hochzeiten, Veranstaltungen und Geschenke"},"content":{"rendered":"","protected":false},"excerpt":{"rendered":"<p>Diese luxuri\u00f6sen Umschl\u00e4ge mit gepr\u00e4gtem Monogramm in den Farben Pink, Orange und Petrol sind die perfekte Erg\u00e4nzung f\u00fcr Ihre Hochzeitseinladungen oder die Papeterie f\u00fcr besondere Veranstaltungen. Mit ihren komplizierten, erhabenen Designs und einer weichen, matten Oberfl\u00e4che verleihen diese Umschl\u00e4ge Ihren wichtigen Ank\u00fcndigungen einen raffinierten und eleganten Touch.<\/p>","protected":false},"featured_media":34834,"template":"","meta":[],"product_brand":[],"product_cat":[390,674,665],"product_tag":[],"class_list":{"0":"post-34831","1":"product","2":"type-product","3":"status-publish","4":"has-post-thumbnail","6":"product_cat-envelopes","7":"product_cat-office-paper","8":"product_cat-school-paper","10":"first","11":"instock","12":"shipping-taxable","13":"product-type-simple"},"_links":{"self":[{"href":"http:\/\/shinyyoustationery.com\/de\/wp-json\/wp\/v2\/product\/34831","targetHints":{"allow":["GET"]}}],"collection":[{"href":"http:\/\/shinyyoustationery.com\/de\/wp-json\/wp\/v2\/product"}],"about":[{"href":"http:\/\/shinyyoustationery.com\/de\/wp-json\/wp\/v2\/types\/product"}],"version-history":[{"count":0,"href":"http:\/\/shinyyoustationery.com\/de\/wp-json\/wp\/v2\/product\/34831\/revisions"}],"wp:featuredmedia":[{"embeddable":true,"href":"http:\/\/shinyyoustationery.com\/de\/wp-json\/wp\/v2\/media\/34834"}],"wp:attachment":[{"href":"http:\/\/shinyyoustationery.com\/de\/wp-json\/wp\/v2\/media?parent=34831"}],"wp:term":[{"taxonomy":"product_brand","embeddable":true,"href":"http:\/\/shinyyoustationery.com\/de\/wp-json\/wp\/v2\/product_brand?post=34831"},{"taxonomy":"product_cat","embeddable":true,"href":"http:\/\/shinyyoustationery.com\/de\/wp-json\/wp\/v2\/product_cat?post=34831"},{"taxonomy":"product_tag","embeddable":true,"href":"http:\/\/shinyyoustationery.com\/de\/wp-json\/wp\/v2\/product_tag?post=34831"}],"curies":[{"name":"wp","href":"https:\/\/api.w.org\/{rel}","templated":true}]}}