{"id":34854,"date":"2025-07-08T11:45:07","date_gmt":"2025-07-08T03:45:07","guid":{"rendered":"http:\/\/45.63.70.205\/?post_type=product&#038;p=34854"},"modified":"2025-07-14T02:58:03","modified_gmt":"2025-07-14T10:58:03","slug":"bright-pink-binder-clips-for-office-and-school-packaged-in-a-clear-storage-jar","status":"publish","type":"product","link":"http:\/\/shinyyoustationery.com\/de\/bright-pink-binder-clips-for-office-and-school-packaged-in-a-clear-storage-jar\/","title":{"rendered":"Leuchtend rosafarbene Binder Clips f\u00fcr B\u00fcro und Schule - verpackt in einem durchsichtigen Aufbewahrungsgef\u00e4\u00df"},"content":{"rendered":"","protected":false},"excerpt":{"rendered":"<p>Bringen Sie Farbe in Ihren Arbeitsbereich mit diesen leuchtend pinkfarbenen Binderclips von Shiny You. Die Clips sind perfekt f\u00fcr die Organisation von Dokumenten, Notizen oder Kunstprojekten geeignet und werden in einem transparenten Beh\u00e4lter aufbewahrt, um einen einfachen Zugang und ein sauberes Aussehen zu gew\u00e4hrleisten. Ob im B\u00fcro oder in der Schule, diese Clips bieten sowohl Stil als auch Funktionalit\u00e4t f\u00fcr all Ihre Bed\u00fcrfnisse beim Abheften von Papier.<\/p>","protected":false},"featured_media":34856,"template":"","meta":[],"product_brand":[],"product_cat":[422],"product_tag":[],"class_list":{"0":"post-34854","1":"product","2":"type-product","3":"status-publish","4":"has-post-thumbnail","6":"product_cat-binder-clip","8":"first","9":"instock","10":"shipping-taxable","11":"product-type-simple"},"_links":{"self":[{"href":"http:\/\/shinyyoustationery.com\/de\/wp-json\/wp\/v2\/product\/34854","targetHints":{"allow":["GET"]}}],"collection":[{"href":"http:\/\/shinyyoustationery.com\/de\/wp-json\/wp\/v2\/product"}],"about":[{"href":"http:\/\/shinyyoustationery.com\/de\/wp-json\/wp\/v2\/types\/product"}],"version-history":[{"count":0,"href":"http:\/\/shinyyoustationery.com\/de\/wp-json\/wp\/v2\/product\/34854\/revisions"}],"wp:featuredmedia":[{"embeddable":true,"href":"http:\/\/shinyyoustationery.com\/de\/wp-json\/wp\/v2\/media\/34856"}],"wp:attachment":[{"href":"http:\/\/shinyyoustationery.com\/de\/wp-json\/wp\/v2\/media?parent=34854"}],"wp:term":[{"taxonomy":"product_brand","embeddable":true,"href":"http:\/\/shinyyoustationery.com\/de\/wp-json\/wp\/v2\/product_brand?post=34854"},{"taxonomy":"product_cat","embeddable":true,"href":"http:\/\/shinyyoustationery.com\/de\/wp-json\/wp\/v2\/product_cat?post=34854"},{"taxonomy":"product_tag","embeddable":true,"href":"http:\/\/shinyyoustationery.com\/de\/wp-json\/wp\/v2\/product_tag?post=34854"}],"curies":[{"name":"wp","href":"https:\/\/api.w.org\/{rel}","templated":true}]}}