{"id":34859,"date":"2025-07-08T13:22:17","date_gmt":"2025-07-08T05:22:17","guid":{"rendered":"http:\/\/45.63.70.205\/?post_type=product&#038;p=34859"},"modified":"2025-07-14T02:57:54","modified_gmt":"2025-07-14T10:57:54","slug":"large-binder-clip-plastic-bulldog-clip-hinge-paper-clips-file-clamps-office-school-supplies","status":"publish","type":"product","link":"http:\/\/shinyyoustationery.com\/de\/large-binder-clip-plastic-bulldog-clip-hinge-paper-clips-file-clamps-office-school-supplies\/","title":{"rendered":"Gro\u00dfe Binder Clip Kunststoff Bulldog Clip Scharnier Papier Klammern Datei Klammern B\u00fcro Schule Zubeh\u00f6r"},"content":{"rendered":"","protected":false},"excerpt":{"rendered":"<p>Mit dieser gro\u00dfen Bulldoggenklammer aus Kunststoff k\u00f6nnen Sie Ihre Papiere und Dokumente ordentlich aufbewahren. Sie eignet sich perfekt f\u00fcr B\u00fcro, Schule oder Zuhause und verf\u00fcgt \u00fcber ein stabiles Scharnier und einen starken Griff, um Papiere sicher zu halten. Die robuste Kunststoffkonstruktion und das praktische Design machen sie zu einem unverzichtbaren Werkzeug f\u00fcr die Verwaltung von Akten, Notizen und vielem mehr.<\/p>","protected":false},"featured_media":34861,"template":"","meta":[],"product_brand":[],"product_cat":[422],"product_tag":[],"class_list":{"0":"post-34859","1":"product","2":"type-product","3":"status-publish","4":"has-post-thumbnail","6":"product_cat-binder-clip","8":"first","9":"instock","10":"shipping-taxable","11":"product-type-simple"},"_links":{"self":[{"href":"http:\/\/shinyyoustationery.com\/de\/wp-json\/wp\/v2\/product\/34859","targetHints":{"allow":["GET"]}}],"collection":[{"href":"http:\/\/shinyyoustationery.com\/de\/wp-json\/wp\/v2\/product"}],"about":[{"href":"http:\/\/shinyyoustationery.com\/de\/wp-json\/wp\/v2\/types\/product"}],"version-history":[{"count":0,"href":"http:\/\/shinyyoustationery.com\/de\/wp-json\/wp\/v2\/product\/34859\/revisions"}],"wp:featuredmedia":[{"embeddable":true,"href":"http:\/\/shinyyoustationery.com\/de\/wp-json\/wp\/v2\/media\/34861"}],"wp:attachment":[{"href":"http:\/\/shinyyoustationery.com\/de\/wp-json\/wp\/v2\/media?parent=34859"}],"wp:term":[{"taxonomy":"product_brand","embeddable":true,"href":"http:\/\/shinyyoustationery.com\/de\/wp-json\/wp\/v2\/product_brand?post=34859"},{"taxonomy":"product_cat","embeddable":true,"href":"http:\/\/shinyyoustationery.com\/de\/wp-json\/wp\/v2\/product_cat?post=34859"},{"taxonomy":"product_tag","embeddable":true,"href":"http:\/\/shinyyoustationery.com\/de\/wp-json\/wp\/v2\/product_tag?post=34859"}],"curies":[{"name":"wp","href":"https:\/\/api.w.org\/{rel}","templated":true}]}}