{"id":34869,"date":"2025-07-08T14:32:19","date_gmt":"2025-07-08T06:32:19","guid":{"rendered":"http:\/\/45.63.70.205\/?post_type=product&#038;p=34869"},"modified":"2025-07-08T14:32:19","modified_gmt":"2025-07-08T06:32:19","slug":"vibrant-pink-a4-ring-binder-for-office-school","status":"publish","type":"product","link":"http:\/\/shinyyoustationery.com\/de\/vibrant-pink-a4-ring-binder-for-office-school\/","title":{"rendered":"Lebendiges rosa A4 Ringbuch f\u00fcr B\u00fcro &amp; Schule"},"content":{"rendered":"","protected":false},"excerpt":{"rendered":"<p>Dieser auff\u00e4llige, pinkfarbene A4-Ringordner ist perfekt f\u00fcr die Organisation Ihrer Dokumente in der Schule, bei der Arbeit oder zu Hause. Mit seinem robusten und eleganten Design hilft er, Papiere ordentlich und zug\u00e4nglich zu halten und bringt gleichzeitig Farbe in Ihren Arbeitsbereich. Ideal f\u00fcr Berufst\u00e4tige, Studenten und alle, die etwas Farbe in ihre t\u00e4gliche Arbeit bringen wollen.<\/p>","protected":false},"featured_media":34870,"template":"","meta":[],"product_brand":[],"product_cat":[413],"product_tag":[],"class_list":{"0":"post-34869","1":"product","2":"type-product","3":"status-publish","4":"has-post-thumbnail","6":"product_cat-ring-binder","8":"first","9":"instock","10":"shipping-taxable","11":"product-type-simple"},"_links":{"self":[{"href":"http:\/\/shinyyoustationery.com\/de\/wp-json\/wp\/v2\/product\/34869","targetHints":{"allow":["GET"]}}],"collection":[{"href":"http:\/\/shinyyoustationery.com\/de\/wp-json\/wp\/v2\/product"}],"about":[{"href":"http:\/\/shinyyoustationery.com\/de\/wp-json\/wp\/v2\/types\/product"}],"version-history":[{"count":0,"href":"http:\/\/shinyyoustationery.com\/de\/wp-json\/wp\/v2\/product\/34869\/revisions"}],"wp:featuredmedia":[{"embeddable":true,"href":"http:\/\/shinyyoustationery.com\/de\/wp-json\/wp\/v2\/media\/34870"}],"wp:attachment":[{"href":"http:\/\/shinyyoustationery.com\/de\/wp-json\/wp\/v2\/media?parent=34869"}],"wp:term":[{"taxonomy":"product_brand","embeddable":true,"href":"http:\/\/shinyyoustationery.com\/de\/wp-json\/wp\/v2\/product_brand?post=34869"},{"taxonomy":"product_cat","embeddable":true,"href":"http:\/\/shinyyoustationery.com\/de\/wp-json\/wp\/v2\/product_cat?post=34869"},{"taxonomy":"product_tag","embeddable":true,"href":"http:\/\/shinyyoustationery.com\/de\/wp-json\/wp\/v2\/product_tag?post=34869"}],"curies":[{"name":"wp","href":"https:\/\/api.w.org\/{rel}","templated":true}]}}