{"id":35310,"date":"2025-07-09T17:32:12","date_gmt":"2025-07-09T09:32:12","guid":{"rendered":"http:\/\/45.63.70.205\/?post_type=product&#038;p=35310"},"modified":"2025-07-09T19:01:37","modified_gmt":"2025-07-09T11:01:37","slug":"wholesale-pack-of-12-pink-pencils-for-school-office","status":"publish","type":"product","link":"http:\/\/shinyyoustationery.com\/de\/wholesale-pack-of-12-pink-pencils-for-school-office\/","title":{"rendered":"Gro\u00dfhandel Packung mit 12 rosa Bleistifte f\u00fcr Schule &amp; B\u00fcro"},"content":{"rendered":"","protected":false},"excerpt":{"rendered":"<p>Diese Packung mit 12 hochwertigen rosafarbenen Bleistiften ist perfekt f\u00fcr Schule, B\u00fcro und privaten Gebrauch. Jeder Bleistift ist aus hochwertigem Holz gefertigt und garantiert Langlebigkeit und fl\u00fcssiges Schreiben. Das leuchtend pinke Design verleiht Ihrem Arbeitsbereich oder Klassenzimmer einen lustigen Touch. Die Bleistifte sind in einem durchsichtigen, praktischen R\u00f6hrchen verpackt und lassen sich so leicht transportieren und aufbewahren. Ganz gleich, ob Sie Notizen machen, zeichnen oder einfach nur einen Farbklecks in Ihre Arbeit bringen wollen, diese Stifte erf\u00fcllen alle Ihre Anforderungen.<\/p>","protected":false},"featured_media":35311,"template":"","meta":[],"product_brand":[],"product_cat":[416,415,331,410],"product_tag":[],"class_list":{"0":"post-35310","1":"product","2":"type-product","3":"status-publish","4":"has-post-thumbnail","6":"product_cat-pencil","7":"product_cat-pen","8":"product_cat-stationery-set","9":"product_cat-writing-instruments","11":"first","12":"instock","13":"shipping-taxable","14":"product-type-simple"},"_links":{"self":[{"href":"http:\/\/shinyyoustationery.com\/de\/wp-json\/wp\/v2\/product\/35310","targetHints":{"allow":["GET"]}}],"collection":[{"href":"http:\/\/shinyyoustationery.com\/de\/wp-json\/wp\/v2\/product"}],"about":[{"href":"http:\/\/shinyyoustationery.com\/de\/wp-json\/wp\/v2\/types\/product"}],"version-history":[{"count":0,"href":"http:\/\/shinyyoustationery.com\/de\/wp-json\/wp\/v2\/product\/35310\/revisions"}],"wp:featuredmedia":[{"embeddable":true,"href":"http:\/\/shinyyoustationery.com\/de\/wp-json\/wp\/v2\/media\/35311"}],"wp:attachment":[{"href":"http:\/\/shinyyoustationery.com\/de\/wp-json\/wp\/v2\/media?parent=35310"}],"wp:term":[{"taxonomy":"product_brand","embeddable":true,"href":"http:\/\/shinyyoustationery.com\/de\/wp-json\/wp\/v2\/product_brand?post=35310"},{"taxonomy":"product_cat","embeddable":true,"href":"http:\/\/shinyyoustationery.com\/de\/wp-json\/wp\/v2\/product_cat?post=35310"},{"taxonomy":"product_tag","embeddable":true,"href":"http:\/\/shinyyoustationery.com\/de\/wp-json\/wp\/v2\/product_tag?post=35310"}],"curies":[{"name":"wp","href":"https:\/\/api.w.org\/{rel}","templated":true}]}}