{"id":35323,"date":"2025-07-09T19:19:55","date_gmt":"2025-07-09T11:19:55","guid":{"rendered":"http:\/\/45.63.70.205\/?post_type=product&#038;p=35323"},"modified":"2025-07-09T19:22:43","modified_gmt":"2025-07-09T11:22:43","slug":"pack-of-12-bright-pink-pencils-with-erasers-for-school-office","status":"publish","type":"product","link":"http:\/\/shinyyoustationery.com\/de\/pack-of-12-bright-pink-pencils-with-erasers-for-school-office\/","title":{"rendered":"Packung mit 12 hellrosa Bleistiften mit Radiergummi f\u00fcr Schule und B\u00fcro"},"content":{"rendered":"","protected":false},"excerpt":{"rendered":"<p>Diese Packung mit 12 leuchtend rosafarbenen Bleistiften ist perfekt f\u00fcr die Schule und das B\u00fcro geeignet und verleiht Ihrer Schreibwarensammlung einen lebendigen Touch. Jeder Bleistift ist aus hochwertigem Holz gefertigt und verf\u00fcgt \u00fcber eine glatte, leicht zu schreibende HB-Mine, die ideal zum Schreiben, Zeichnen und Notieren ist. Die Radiergummis an der Oberseite erm\u00f6glichen schnelle und effiziente Korrekturen und sorgen f\u00fcr einen sauberen und aufger\u00e4umten Arbeitsbereich. Die kr\u00e4ftige rosa Farbe macht diese Bleistifte in Ihrem Federm\u00e4ppchen, auf Ihrem Schreibtisch oder in Ihrem Klassenzimmer leicht erkennbar. Egal, ob Sie Sch\u00fcler, Lehrer oder Berufst\u00e4tiger sind, diese eleganten Bleistifte bieten sowohl Funktion als auch Flair f\u00fcr alle Ihre Schreibanforderungen.<\/p>","protected":false},"featured_media":35324,"template":"","meta":[],"product_brand":[],"product_cat":[416,331,410,415],"product_tag":[],"class_list":{"0":"post-35323","1":"product","2":"type-product","3":"status-publish","4":"has-post-thumbnail","6":"product_cat-pencil","7":"product_cat-stationery-set","8":"product_cat-writing-instruments","9":"product_cat-pen","11":"first","12":"instock","13":"shipping-taxable","14":"product-type-simple"},"_links":{"self":[{"href":"http:\/\/shinyyoustationery.com\/de\/wp-json\/wp\/v2\/product\/35323","targetHints":{"allow":["GET"]}}],"collection":[{"href":"http:\/\/shinyyoustationery.com\/de\/wp-json\/wp\/v2\/product"}],"about":[{"href":"http:\/\/shinyyoustationery.com\/de\/wp-json\/wp\/v2\/types\/product"}],"version-history":[{"count":0,"href":"http:\/\/shinyyoustationery.com\/de\/wp-json\/wp\/v2\/product\/35323\/revisions"}],"wp:featuredmedia":[{"embeddable":true,"href":"http:\/\/shinyyoustationery.com\/de\/wp-json\/wp\/v2\/media\/35324"}],"wp:attachment":[{"href":"http:\/\/shinyyoustationery.com\/de\/wp-json\/wp\/v2\/media?parent=35323"}],"wp:term":[{"taxonomy":"product_brand","embeddable":true,"href":"http:\/\/shinyyoustationery.com\/de\/wp-json\/wp\/v2\/product_brand?post=35323"},{"taxonomy":"product_cat","embeddable":true,"href":"http:\/\/shinyyoustationery.com\/de\/wp-json\/wp\/v2\/product_cat?post=35323"},{"taxonomy":"product_tag","embeddable":true,"href":"http:\/\/shinyyoustationery.com\/de\/wp-json\/wp\/v2\/product_tag?post=35323"}],"curies":[{"name":"wp","href":"https:\/\/api.w.org\/{rel}","templated":true}]}}